{"id":128,"date":"2014-02-22T12:53:35","date_gmt":"2014-02-22T10:53:35","guid":{"rendered":"http:\/\/fabijennas-seeleninsel.de\/wordpress2\/?page_id=128"},"modified":"2015-12-15T21:29:11","modified_gmt":"2015-12-15T19:29:11","slug":"seelenbilder","status":"publish","type":"page","link":"https:\/\/fabijennas-seeleninsel.de\/wordpress\/seelenbilder\/","title":{"rendered":"Seelenbilder"},"content":{"rendered":"<p>Ein Seelenbild ist ein Spiegel Deiner Seele, das was Du bist. Ein Seelenbild ist durch meine geistigen Helfer mit Energie aufgeladen speziell f\u00fcr die Person die es bestellte. Ich ben\u00f6tige daf\u00fcr den Namen, das Geburtstagdatum und ein Foto<\/p>\n<div id=\"attachment_270\" style=\"width: 310px\" class=\"wp-caption alignright\"><a href=\"http:\/\/fabijennas-seeleninsel.de\/wordpress\/wp-content\/uploads\/2014\/02\/DSCN0686.jpg\"><img aria-describedby=\"caption-attachment-270\" loading=\"lazy\" class=\"size-medium wp-image-270\" src=\"http:\/\/fabijennas-seeleninsel.de\/wordpress\/wp-content\/uploads\/2014\/02\/DSCN0686-300x225.jpg\" alt=\"Seelenbild\" width=\"300\" height=\"225\" \/><\/a><p id=\"caption-attachment-270\" class=\"wp-caption-text\">Seelenbild<\/p><\/div>\n<p>oder den pers\u00f6nlichen Kontakt. Danach stimme ich mich w\u00e4hrend der Meditation, die mich mit D\u00fcften und Kl\u00e4ngen begleitet, auf die Person ein, wobei mir verschiedene Farben und Formen erscheinen. (Engel, Kreise,Blumen&#8230;&#8230;)Das Seelenbild ist nicht nur ein sch\u00f6ner Wandschmuck, das Seelenbild ist ein Wegbegleiter der Dir hilft auf deinem Weg um Deinem Seelenziel zu folgen. Diese Bilder sind mit dem Universum verbunden und wachsen mit Dir mit. Seelenbilder werden durch Formen und Farben ganz pers\u00f6nlich auf Dich und Dein Seelenweg abgestimmt. Das Bild f\u00fcllt den Raum mit einer besonderen Energie. Du kannst auch mit Deinem Bild meditieren und visualisieren.<br \/>\nMeine Bilder eignen sich als Geschenk f\u00fcr liebevolle Menschen die Dich in Deinem Leben begleiten.<br \/>\nDie mit Acrylfarben gemalten Bilder sind auf Keilrahmen oder auf nicht gerahmten Leinwand zu erhalten.<br \/>\nEinen Seelenbild k\u00f6nnen sie in meine Bildergalerie auch aussuchen. Das Bild der sie anschpricht ist das richtige Seelenbild f\u00fcr sie.<\/p>\n<p>&nbsp;<\/p>\n<p>&nbsp;<\/p>\n<p>Hier sind ein paar pers\u00f6nliche Seelenbilder die ich zeigen darf.<\/p>\n<p>Danke daf\u00fcr<\/p>\n<p>&nbsp;<\/p>\n<p><a href=\"http:\/\/fabijennas-seeleninsel.de\/wordpress\/wp-content\/uploads\/2014\/02\/10441206_666167053462265_7233037649468009038_n.jpg\"><img loading=\"lazy\" class=\"alignnone size-medium wp-image-1844\" src=\"http:\/\/fabijennas-seeleninsel.de\/wordpress\/wp-content\/uploads\/2014\/02\/10441206_666167053462265_7233037649468009038_n-360x480.jpg\" alt=\"10441206_666167053462265_7233037649468009038_n\" width=\"360\" height=\"480\" data-wp-pid=\"1844\" srcset=\"https:\/\/fabijennas-seeleninsel.de\/wordpress\/wp-content\/uploads\/2014\/02\/10441206_666167053462265_7233037649468009038_n-360x480.jpg 360w, https:\/\/fabijennas-seeleninsel.de\/wordpress\/wp-content\/uploads\/2014\/02\/10441206_666167053462265_7233037649468009038_n-600x800.jpg 600w, https:\/\/fabijennas-seeleninsel.de\/wordpress\/wp-content\/uploads\/2014\/02\/10441206_666167053462265_7233037649468009038_n.jpg 720w\" sizes=\"(max-width: 360px) 100vw, 360px\" \/><\/a><\/p>\n<p>&nbsp;<\/p>\n<p><a href=\"http:\/\/fabijennas-seeleninsel.de\/wordpress\/wp-content\/uploads\/2014\/02\/10273193_651068238305480_7385901898336571841_o-2.jpg\"><img loading=\"lazy\" class=\"alignnone size-medium wp-image-1843\" src=\"http:\/\/fabijennas-seeleninsel.de\/wordpress\/wp-content\/uploads\/2014\/02\/10273193_651068238305480_7385901898336571841_o-2-360x480.jpg\" alt=\"10273193_651068238305480_7385901898336571841_o-2\" width=\"360\" height=\"480\" data-wp-pid=\"1843\" srcset=\"https:\/\/fabijennas-seeleninsel.de\/wordpress\/wp-content\/uploads\/2014\/02\/10273193_651068238305480_7385901898336571841_o-2-360x480.jpg 360w, https:\/\/fabijennas-seeleninsel.de\/wordpress\/wp-content\/uploads\/2014\/02\/10273193_651068238305480_7385901898336571841_o-2-768x1024.jpg 768w, https:\/\/fabijennas-seeleninsel.de\/wordpress\/wp-content\/uploads\/2014\/02\/10273193_651068238305480_7385901898336571841_o-2-600x800.jpg 600w, https:\/\/fabijennas-seeleninsel.de\/wordpress\/wp-content\/uploads\/2014\/02\/10273193_651068238305480_7385901898336571841_o-2.jpg 1536w\" sizes=\"(max-width: 360px) 100vw, 360px\" \/><\/a><\/p>\n<p>&nbsp;<\/p>\n<p><a href=\"http:\/\/fabijennas-seeleninsel.de\/wordpress\/wp-content\/uploads\/2014\/02\/10384523_691113990967571_7183511178535847589_n.jpg\"><img loading=\"lazy\" class=\"alignnone size-medium wp-image-1845\" src=\"http:\/\/fabijennas-seeleninsel.de\/wordpress\/wp-content\/uploads\/2014\/02\/10384523_691113990967571_7183511178535847589_n-360x480.jpg\" alt=\"10384523_691113990967571_7183511178535847589_n\" width=\"360\" height=\"480\" data-wp-pid=\"1845\" srcset=\"https:\/\/fabijennas-seeleninsel.de\/wordpress\/wp-content\/uploads\/2014\/02\/10384523_691113990967571_7183511178535847589_n-360x480.jpg 360w, https:\/\/fabijennas-seeleninsel.de\/wordpress\/wp-content\/uploads\/2014\/02\/10384523_691113990967571_7183511178535847589_n-600x800.jpg 600w, https:\/\/fabijennas-seeleninsel.de\/wordpress\/wp-content\/uploads\/2014\/02\/10384523_691113990967571_7183511178535847589_n.jpg 720w\" sizes=\"(max-width: 360px) 100vw, 360px\" \/><\/a><\/p>\n<p>&nbsp;<\/p>\n<p><a href=\"http:\/\/fabijennas-seeleninsel.de\/wordpress\/wp-content\/uploads\/2014\/02\/10275448_651068528305451_2273177030413521439_o-2.jpg\"><img loading=\"lazy\" class=\"alignnone size-medium wp-image-1869\" src=\"http:\/\/fabijennas-seeleninsel.de\/wordpress\/wp-content\/uploads\/2014\/02\/10275448_651068528305451_2273177030413521439_o-2-553x480.jpg\" alt=\"10275448_651068528305451_2273177030413521439_o-2\" width=\"553\" height=\"480\" data-wp-pid=\"1869\" srcset=\"https:\/\/fabijennas-seeleninsel.de\/wordpress\/wp-content\/uploads\/2014\/02\/10275448_651068528305451_2273177030413521439_o-2-553x480.jpg 553w, https:\/\/fabijennas-seeleninsel.de\/wordpress\/wp-content\/uploads\/2014\/02\/10275448_651068528305451_2273177030413521439_o-2-1024x890.jpg 1024w, https:\/\/fabijennas-seeleninsel.de\/wordpress\/wp-content\/uploads\/2014\/02\/10275448_651068528305451_2273177030413521439_o-2-800x695.jpg 800w, https:\/\/fabijennas-seeleninsel.de\/wordpress\/wp-content\/uploads\/2014\/02\/10275448_651068528305451_2273177030413521439_o-2.jpg 2048w\" sizes=\"(max-width: 553px) 100vw, 553px\" \/><\/a><\/p>\n<p>&nbsp;<\/p>\n<p><a href=\"http:\/\/fabijennas-seeleninsel.de\/wordpress\/wp-content\/uploads\/2014\/02\/1421144_557487057663599_838611405_o.jpg\"><img loading=\"lazy\" class=\"alignnone size-medium wp-image-1870\" src=\"http:\/\/fabijennas-seeleninsel.de\/wordpress\/wp-content\/uploads\/2014\/02\/1421144_557487057663599_838611405_o-640x454.jpg\" alt=\"1421144_557487057663599_838611405_o\" width=\"640\" height=\"454\" data-wp-pid=\"1870\" srcset=\"https:\/\/fabijennas-seeleninsel.de\/wordpress\/wp-content\/uploads\/2014\/02\/1421144_557487057663599_838611405_o-640x454.jpg 640w, https:\/\/fabijennas-seeleninsel.de\/wordpress\/wp-content\/uploads\/2014\/02\/1421144_557487057663599_838611405_o-1024x727.jpg 1024w, https:\/\/fabijennas-seeleninsel.de\/wordpress\/wp-content\/uploads\/2014\/02\/1421144_557487057663599_838611405_o-800x568.jpg 800w, https:\/\/fabijennas-seeleninsel.de\/wordpress\/wp-content\/uploads\/2014\/02\/1421144_557487057663599_838611405_o.jpg 2048w\" sizes=\"(max-width: 640px) 100vw, 640px\" \/><\/a> <a href=\"http:\/\/fabijennas-seeleninsel.de\/wordpress\/wp-content\/uploads\/2014\/02\/1978553_621547231257581_2062826267_o.jpg\"><img loading=\"lazy\" class=\"alignnone size-medium wp-image-1871\" src=\"http:\/\/fabijennas-seeleninsel.de\/wordpress\/wp-content\/uploads\/2014\/02\/1978553_621547231257581_2062826267_o-353x480.jpg\" alt=\"1978553_621547231257581_2062826267_o\" width=\"353\" height=\"480\" data-wp-pid=\"1871\" srcset=\"https:\/\/fabijennas-seeleninsel.de\/wordpress\/wp-content\/uploads\/2014\/02\/1978553_621547231257581_2062826267_o-353x480.jpg 353w, https:\/\/fabijennas-seeleninsel.de\/wordpress\/wp-content\/uploads\/2014\/02\/1978553_621547231257581_2062826267_o-753x1024.jpg 753w, https:\/\/fabijennas-seeleninsel.de\/wordpress\/wp-content\/uploads\/2014\/02\/1978553_621547231257581_2062826267_o-588x800.jpg 588w, https:\/\/fabijennas-seeleninsel.de\/wordpress\/wp-content\/uploads\/2014\/02\/1978553_621547231257581_2062826267_o.jpg 1505w\" sizes=\"(max-width: 353px) 100vw, 353px\" \/><\/a><\/p>\n<p>&nbsp;<\/p>\n<p><a href=\"http:\/\/fabijennas-seeleninsel.de\/wordpress\/wp-content\/uploads\/2014\/02\/11039207_820826151329687_5061119033818927082_n.jpg\"><img loading=\"lazy\" class=\"alignnone size-medium wp-image-1872\" src=\"http:\/\/fabijennas-seeleninsel.de\/wordpress\/wp-content\/uploads\/2014\/02\/11039207_820826151329687_5061119033818927082_n-345x480.jpg\" alt=\"11039207_820826151329687_5061119033818927082_n\" width=\"345\" height=\"480\" data-wp-pid=\"1872\" srcset=\"https:\/\/fabijennas-seeleninsel.de\/wordpress\/wp-content\/uploads\/2014\/02\/11039207_820826151329687_5061119033818927082_n-345x480.jpg 345w, https:\/\/fabijennas-seeleninsel.de\/wordpress\/wp-content\/uploads\/2014\/02\/11039207_820826151329687_5061119033818927082_n-574x800.jpg 574w, https:\/\/fabijennas-seeleninsel.de\/wordpress\/wp-content\/uploads\/2014\/02\/11039207_820826151329687_5061119033818927082_n.jpg 606w\" sizes=\"(max-width: 345px) 100vw, 345px\" \/><\/a><\/p>\n","protected":false},"excerpt":{"rendered":"<p>Ein Seelenbild ist ein Spiegel Deiner Seele, das was Du bist. Ein Seelenbild ist durch meine geistigen Helfer mit Energie aufgeladen speziell f\u00fcr die Person die es bestellte. Ich ben\u00f6tige daf\u00fcr den Namen, das Geburtstagdatum und ein Foto oder den pers\u00f6nlichen Kontakt. Danach stimme ich mich w\u00e4hrend der Meditation, die mich mit D\u00fcften und Kl\u00e4ngen [&hellip;]<\/p>\n","protected":false},"author":3,"featured_media":270,"parent":0,"menu_order":0,"comment_status":"closed","ping_status":"open","template":"","meta":{"_et_pb_use_builder":"","_et_pb_old_content":"","_et_gb_content_width":""},"_links":{"self":[{"href":"https:\/\/fabijennas-seeleninsel.de\/wordpress\/wp-json\/wp\/v2\/pages\/128"}],"collection":[{"href":"https:\/\/fabijennas-seeleninsel.de\/wordpress\/wp-json\/wp\/v2\/pages"}],"about":[{"href":"https:\/\/fabijennas-seeleninsel.de\/wordpress\/wp-json\/wp\/v2\/types\/page"}],"author":[{"embeddable":true,"href":"https:\/\/fabijennas-seeleninsel.de\/wordpress\/wp-json\/wp\/v2\/users\/3"}],"replies":[{"embeddable":true,"href":"https:\/\/fabijennas-seeleninsel.de\/wordpress\/wp-json\/wp\/v2\/comments?post=128"}],"version-history":[{"count":4,"href":"https:\/\/fabijennas-seeleninsel.de\/wordpress\/wp-json\/wp\/v2\/pages\/128\/revisions"}],"predecessor-version":[{"id":1873,"href":"https:\/\/fabijennas-seeleninsel.de\/wordpress\/wp-json\/wp\/v2\/pages\/128\/revisions\/1873"}],"wp:featuredmedia":[{"embeddable":true,"href":"https:\/\/fabijennas-seeleninsel.de\/wordpress\/wp-json\/wp\/v2\/media\/270"}],"wp:attachment":[{"href":"https:\/\/fabijennas-seeleninsel.de\/wordpress\/wp-json\/wp\/v2\/media?parent=128"}],"curies":[{"name":"wp","href":"https:\/\/api.w.org\/{rel}","templated":true}]}}