{"id":138,"date":"2014-02-22T13:09:39","date_gmt":"2014-02-22T11:09:39","guid":{"rendered":"http:\/\/fabijennas-seeleninsel.de\/wordpress2\/?page_id=138"},"modified":"2015-12-16T19:12:32","modified_gmt":"2015-12-16T17:12:32","slug":"geistheilung","status":"publish","type":"page","link":"https:\/\/fabijennas-seeleninsel.de\/wordpress\/geistheilung\/","title":{"rendered":"Geistheilung"},"content":{"rendered":"<p><a href=\"http:\/\/fabijennas-seeleninsel.de\/wordpress\/wp-content\/uploads\/2014\/02\/581878_647186875295432_1002554861_n.jpg\"><img loading=\"lazy\" class=\"alignright size-medium wp-image-247\" src=\"http:\/\/fabijennas-seeleninsel.de\/wordpress\/wp-content\/uploads\/2014\/02\/581878_647186875295432_1002554861_n-300x225.jpg\" alt=\"581878_647186875295432_1002554861_n\" width=\"300\" height=\"225\" \/><\/a>Ich verbinde mich w\u00e4hrend der Geistheilung mit den Engel,geistigen Helfer, aber vor allem mit meinem kosmischen Vater, Jesus Christus und meiner kosmischen Mutter, Lady Nada. Wir Heiler verstehen uns nur als Kanal f\u00fcr Energien die wir annehmen und weitergeben. Die Energiestr\u00f6me die blockiert waren k\u00f6nnen wieder fliesen. W\u00e4hrend der Geistheilung schaue ich mir die Chakren an die dann gereinigt und ge\u00f6ffnet werden. Ich lasse das Licht und die Energie in alle Meridiane flie\u00dfen wodurch alle Blockaden beseitigt werden. Die Aura wird genauso gereinigt und damit gest\u00e4rkt. W\u00e4hrend der Geistheilung bekomme ich Informationen aus der geistigen Welt. Es sind verschiedene Informationen und Bilder. Es kann aus einem fr\u00fcheren Leben sein,welcher Engel bei ihnen ist, was blockiert sie um weiterzukommen.Es passiert immer \u00f6fter das auch w\u00e4hrend der geistigen Heilung, Krafttiere erscheinen ( nicht nur w\u00e4hrend der schamanischen Heilung) die sie unterst\u00fctzen oder aber das kleine verletzte Kind kommt zum Vorschein usw .Danach werden wir alle Botschaften besprechen. Durch diese Informationen meiner Engel und geistigen Helfer kann ich ihnen den Weg zeigen und \u00f6ffen . Es liegt an ihnen diesen Weg selber weiter zu gehen. Der liebe Gottvater und Gottmuter haben uns den freien Willen gegeben und wir entscheiden selber ob wir den Weg der Heilung gehen wollen oder wir noch andere Wege w\u00e4hlen bis wir bereit sind.<br \/>\n<a href=\"http:\/\/fabijennas-seeleninsel.de\/wordpress\/wp-content\/uploads\/2014\/02\/486603_616952021652251_2068550378_n.jpg\"><img loading=\"lazy\" class=\"alignleft size-medium wp-image-249\" src=\"http:\/\/fabijennas-seeleninsel.de\/wordpress\/wp-content\/uploads\/2014\/02\/486603_616952021652251_2068550378_n-300x225.jpg\" alt=\"486603_616952021652251_2068550378_n\" width=\"300\" height=\"225\" \/><\/a>W\u00e4hrend der geistigen Heilung k\u00f6nnen wir verschiedene Empfindungen wahrnehmen: Bilder,W\u00e4rme,Hitze,ein Prickeln &#8230;<br \/>\nFernheilung: Alles ist Schwingung und Energie. Genauso bestehen auch wir Menschen aus Schwingungen und Energien.<br \/>\nEs gibt energetische Felder, die uns alle miteinander verbinden. Diese Felder wirken ohne Zeitverz\u00f6gerung auch \u00fcber Kilometer hinweg. Es gibt kein Zeit und Raum.<\/p>\n<p>&nbsp;<\/p>\n<p><a href=\"http:\/\/fabijennas-seeleninsel.de\/wordpress\/wp-content\/uploads\/2014\/02\/11813392_1141393909208057_7151344373977668490_n.jpg\"><img loading=\"lazy\" class=\"alignnone size-medium wp-image-1821\" src=\"http:\/\/fabijennas-seeleninsel.de\/wordpress\/wp-content\/uploads\/2014\/02\/11813392_1141393909208057_7151344373977668490_n-640x480.jpg\" alt=\"11813392_1141393909208057_7151344373977668490_n\" width=\"640\" height=\"480\" data-wp-pid=\"1821\" srcset=\"https:\/\/fabijennas-seeleninsel.de\/wordpress\/wp-content\/uploads\/2014\/02\/11813392_1141393909208057_7151344373977668490_n-640x480.jpg 640w, https:\/\/fabijennas-seeleninsel.de\/wordpress\/wp-content\/uploads\/2014\/02\/11813392_1141393909208057_7151344373977668490_n-800x600.jpg 800w, https:\/\/fabijennas-seeleninsel.de\/wordpress\/wp-content\/uploads\/2014\/02\/11813392_1141393909208057_7151344373977668490_n.jpg 960w\" sizes=\"(max-width: 640px) 100vw, 640px\" \/><\/a><\/p>\n<p>&nbsp;<\/p>\n<p><a href=\"http:\/\/fabijennas-seeleninsel.de\/wordpress\/wp-content\/uploads\/2014\/02\/11218210_1141393902541391_403437787359751691_n.jpg\"><img loading=\"lazy\" class=\"alignnone size-medium wp-image-1823\" src=\"http:\/\/fabijennas-seeleninsel.de\/wordpress\/wp-content\/uploads\/2014\/02\/11218210_1141393902541391_403437787359751691_n-640x480.jpg\" alt=\"11218210_1141393902541391_403437787359751691_n\" width=\"640\" height=\"480\" data-wp-pid=\"1823\" srcset=\"https:\/\/fabijennas-seeleninsel.de\/wordpress\/wp-content\/uploads\/2014\/02\/11218210_1141393902541391_403437787359751691_n-640x480.jpg 640w, https:\/\/fabijennas-seeleninsel.de\/wordpress\/wp-content\/uploads\/2014\/02\/11218210_1141393902541391_403437787359751691_n-800x600.jpg 800w, https:\/\/fabijennas-seeleninsel.de\/wordpress\/wp-content\/uploads\/2014\/02\/11218210_1141393902541391_403437787359751691_n.jpg 960w\" sizes=\"(max-width: 640px) 100vw, 640px\" \/><\/a><\/p>\n","protected":false},"excerpt":{"rendered":"<p>Ich verbinde mich w\u00e4hrend der Geistheilung mit den Engel,geistigen Helfer, aber vor allem mit meinem kosmischen Vater, Jesus Christus und meiner kosmischen Mutter, Lady Nada. Wir Heiler verstehen uns nur als Kanal f\u00fcr Energien die wir annehmen und weitergeben. Die Energiestr\u00f6me die blockiert waren k\u00f6nnen wieder fliesen. W\u00e4hrend der Geistheilung schaue ich mir die Chakren [&hellip;]<\/p>\n","protected":false},"author":3,"featured_media":1906,"parent":0,"menu_order":0,"comment_status":"closed","ping_status":"open","template":"","meta":{"_et_pb_use_builder":"","_et_pb_old_content":"","_et_gb_content_width":""},"_links":{"self":[{"href":"https:\/\/fabijennas-seeleninsel.de\/wordpress\/wp-json\/wp\/v2\/pages\/138"}],"collection":[{"href":"https:\/\/fabijennas-seeleninsel.de\/wordpress\/wp-json\/wp\/v2\/pages"}],"about":[{"href":"https:\/\/fabijennas-seeleninsel.de\/wordpress\/wp-json\/wp\/v2\/types\/page"}],"author":[{"embeddable":true,"href":"https:\/\/fabijennas-seeleninsel.de\/wordpress\/wp-json\/wp\/v2\/users\/3"}],"replies":[{"embeddable":true,"href":"https:\/\/fabijennas-seeleninsel.de\/wordpress\/wp-json\/wp\/v2\/comments?post=138"}],"version-history":[{"count":4,"href":"https:\/\/fabijennas-seeleninsel.de\/wordpress\/wp-json\/wp\/v2\/pages\/138\/revisions"}],"predecessor-version":[{"id":1824,"href":"https:\/\/fabijennas-seeleninsel.de\/wordpress\/wp-json\/wp\/v2\/pages\/138\/revisions\/1824"}],"wp:featuredmedia":[{"embeddable":true,"href":"https:\/\/fabijennas-seeleninsel.de\/wordpress\/wp-json\/wp\/v2\/media\/1906"}],"wp:attachment":[{"href":"https:\/\/fabijennas-seeleninsel.de\/wordpress\/wp-json\/wp\/v2\/media?parent=138"}],"curies":[{"name":"wp","href":"https:\/\/api.w.org\/{rel}","templated":true}]}}