{"id":143,"date":"2014-02-22T13:13:09","date_gmt":"2014-02-22T11:13:09","guid":{"rendered":"http:\/\/fabijennas-seeleninsel.de\/wordpress2\/?page_id=143"},"modified":"2015-12-15T16:58:59","modified_gmt":"2015-12-15T14:58:59","slug":"lichtarbeit","status":"publish","type":"page","link":"https:\/\/fabijennas-seeleninsel.de\/wordpress\/lichtarbeit\/","title":{"rendered":"Lichtarbeit"},"content":{"rendered":"<p><a href=\"http:\/\/fabijennas-seeleninsel.de\/wordpress\/wp-content\/uploads\/2014\/02\/IMG_4969.jpg\"><img loading=\"lazy\" class=\"alignright size-medium wp-image-253\" src=\"http:\/\/fabijennas-seeleninsel.de\/wordpress\/wp-content\/uploads\/2014\/02\/IMG_4969-225x300.jpg\" alt=\"IMG_4969\" width=\"225\" height=\"300\" \/><\/a>Licht ist immer da notwendig, wo die Menschen Hilfen ben\u00f6tigen, um sich selbst deutlicher zu erkennen, um zu lernen, in ihrem eigenen &#8222;Inneren Licht&#8220; zu erstrahlen.Lichtarbeit ist die Sprache der Seele und eine unterst\u00fctzende T\u00e4tigkeit f\u00fcr Menschen,es kann mann damit alles beschreiben,was den Mensch auf Muttererde ins Licht dienlich ist.Das kann verschieden Heilungsarbeit sein wei zb. Geistheilung,Reiki,Heilung der Muttererde, Meditation, Spirituelle Lebensberatung. Es ist auch wichtig die Menschen \u00fcber unserer Zeit aufzukl\u00e4ren und ihnen Orientierung Hilfe geben. Und wer dies tut im reine Bedingugslose Liebe tut ist f\u00fcr mich ein Lichtarbeiter. Licht und Liebe ist die st\u00e4rkste Kraft auf Erde und Universum.<\/p>\n<p><a href=\"http:\/\/fabijennas-seeleninsel.de\/wordpress\/wp-content\/uploads\/2014\/02\/10500360_1359908350815175_7207512122325876398_n.jpg\"><img loading=\"lazy\" class=\"alignnone size-medium wp-image-1852\" src=\"http:\/\/fabijennas-seeleninsel.de\/wordpress\/wp-content\/uploads\/2014\/02\/10500360_1359908350815175_7207512122325876398_n-518x480.jpg\" alt=\"10500360_1359908350815175_7207512122325876398_n\" width=\"518\" height=\"480\" data-wp-pid=\"1852\" srcset=\"https:\/\/fabijennas-seeleninsel.de\/wordpress\/wp-content\/uploads\/2014\/02\/10500360_1359908350815175_7207512122325876398_n-518x480.jpg 518w, https:\/\/fabijennas-seeleninsel.de\/wordpress\/wp-content\/uploads\/2014\/02\/10500360_1359908350815175_7207512122325876398_n-800x741.jpg 800w, https:\/\/fabijennas-seeleninsel.de\/wordpress\/wp-content\/uploads\/2014\/02\/10500360_1359908350815175_7207512122325876398_n.jpg 960w\" sizes=\"(max-width: 518px) 100vw, 518px\" \/><\/a><\/p>\n<p>&nbsp;<\/p>\n<p><a href=\"http:\/\/fabijennas-seeleninsel.de\/wordpress\/wp-content\/uploads\/2014\/02\/10492283_901360436544740_2273933431453534519_n.jpg\"><img loading=\"lazy\" class=\"alignnone size-medium wp-image-1854\" src=\"http:\/\/fabijennas-seeleninsel.de\/wordpress\/wp-content\/uploads\/2014\/02\/10492283_901360436544740_2273933431453534519_n-640x480.jpg\" alt=\"10492283_901360436544740_2273933431453534519_n\" width=\"640\" height=\"480\" data-wp-pid=\"1854\" srcset=\"https:\/\/fabijennas-seeleninsel.de\/wordpress\/wp-content\/uploads\/2014\/02\/10492283_901360436544740_2273933431453534519_n-640x480.jpg 640w, https:\/\/fabijennas-seeleninsel.de\/wordpress\/wp-content\/uploads\/2014\/02\/10492283_901360436544740_2273933431453534519_n-800x600.jpg 800w, https:\/\/fabijennas-seeleninsel.de\/wordpress\/wp-content\/uploads\/2014\/02\/10492283_901360436544740_2273933431453534519_n.jpg 960w\" sizes=\"(max-width: 640px) 100vw, 640px\" \/><\/a><\/p>\n<p>&nbsp;<\/p>\n<p>&nbsp;<\/p>\n<p>&nbsp;<\/p>\n<p>&nbsp;<\/p>\n<p>&nbsp;<\/p>\n<p>&nbsp;<\/p>\n","protected":false},"excerpt":{"rendered":"<p>Licht ist immer da notwendig, wo die Menschen Hilfen ben\u00f6tigen, um sich selbst deutlicher zu erkennen, um zu lernen, in ihrem eigenen &#8222;Inneren Licht&#8220; zu erstrahlen.Lichtarbeit ist die Sprache der Seele und eine unterst\u00fctzende T\u00e4tigkeit f\u00fcr Menschen,es kann mann damit alles beschreiben,was den Mensch auf Muttererde ins Licht dienlich ist.Das kann verschieden Heilungsarbeit sein wei [&hellip;]<\/p>\n","protected":false},"author":3,"featured_media":1852,"parent":0,"menu_order":0,"comment_status":"closed","ping_status":"open","template":"","meta":{"_et_pb_use_builder":"","_et_pb_old_content":"","_et_gb_content_width":""},"_links":{"self":[{"href":"https:\/\/fabijennas-seeleninsel.de\/wordpress\/wp-json\/wp\/v2\/pages\/143"}],"collection":[{"href":"https:\/\/fabijennas-seeleninsel.de\/wordpress\/wp-json\/wp\/v2\/pages"}],"about":[{"href":"https:\/\/fabijennas-seeleninsel.de\/wordpress\/wp-json\/wp\/v2\/types\/page"}],"author":[{"embeddable":true,"href":"https:\/\/fabijennas-seeleninsel.de\/wordpress\/wp-json\/wp\/v2\/users\/3"}],"replies":[{"embeddable":true,"href":"https:\/\/fabijennas-seeleninsel.de\/wordpress\/wp-json\/wp\/v2\/comments?post=143"}],"version-history":[{"count":5,"href":"https:\/\/fabijennas-seeleninsel.de\/wordpress\/wp-json\/wp\/v2\/pages\/143\/revisions"}],"predecessor-version":[{"id":1855,"href":"https:\/\/fabijennas-seeleninsel.de\/wordpress\/wp-json\/wp\/v2\/pages\/143\/revisions\/1855"}],"wp:featuredmedia":[{"embeddable":true,"href":"https:\/\/fabijennas-seeleninsel.de\/wordpress\/wp-json\/wp\/v2\/media\/1852"}],"wp:attachment":[{"href":"https:\/\/fabijennas-seeleninsel.de\/wordpress\/wp-json\/wp\/v2\/media?parent=143"}],"curies":[{"name":"wp","href":"https:\/\/api.w.org\/{rel}","templated":true}]}}