{"id":147,"date":"2014-02-22T13:15:42","date_gmt":"2014-02-22T11:15:42","guid":{"rendered":"http:\/\/fabijennas-seeleninsel.de\/wordpress2\/?page_id=147"},"modified":"2015-12-15T21:22:46","modified_gmt":"2015-12-15T19:22:46","slug":"schamanische-heilarbeit","status":"publish","type":"page","link":"https:\/\/fabijennas-seeleninsel.de\/wordpress\/schamanische-heilarbeit\/","title":{"rendered":"Schamanische Heilarbeit"},"content":{"rendered":"<p><a href=\"http:\/\/fabijennas-seeleninsel.de\/wordpress\/wp-content\/uploads\/2014\/02\/11200825_1128619820485466_7731029772020511691_n.jpg\"><img loading=\"lazy\" class=\"alignnone size-medium wp-image-1865\" src=\"http:\/\/fabijennas-seeleninsel.de\/wordpress\/wp-content\/uploads\/2014\/02\/11200825_1128619820485466_7731029772020511691_n-360x480.jpg\" alt=\"11200825_1128619820485466_7731029772020511691_n\" width=\"360\" height=\"480\" data-wp-pid=\"1865\" srcset=\"https:\/\/fabijennas-seeleninsel.de\/wordpress\/wp-content\/uploads\/2014\/02\/11200825_1128619820485466_7731029772020511691_n-360x480.jpg 360w, https:\/\/fabijennas-seeleninsel.de\/wordpress\/wp-content\/uploads\/2014\/02\/11200825_1128619820485466_7731029772020511691_n-600x800.jpg 600w, https:\/\/fabijennas-seeleninsel.de\/wordpress\/wp-content\/uploads\/2014\/02\/11200825_1128619820485466_7731029772020511691_n.jpg 720w\" sizes=\"(max-width: 360px) 100vw, 360px\" \/><\/a><a href=\"http:\/\/fabijennas-seeleninsel.de\/wordpress\/wp-content\/uploads\/2014\/02\/884419_1199204533552225_1764239273_o.jpg\"><img loading=\"lazy\" class=\"alignright size-medium wp-image-263\" src=\"http:\/\/fabijennas-seeleninsel.de\/wordpress\/wp-content\/uploads\/2014\/02\/884419_1199204533552225_1764239273_o-300x225.jpg\" alt=\"884419_1199204533552225_1764239273_o\" width=\"300\" height=\"225\" \/><\/a>Schamanismus ist die \u00c4lterste und uns bekannteste Spirituelle Tradition der Welt. Er ist in allen Teilender Erde nachgewiesen und viel praktizierte Spirituallit\u00e4t. Es handelt sich nicht um Religion. Der Schamane hat gro\u00dfen Respekt und Wertsch\u00e4tzt der Sch\u00f6pfung,deren Diener ist. Schamanismus ist gelebte Spiritualit\u00e4t, eine offene Weltanschaung,eine Lebensweise.<\/p>\n<p>&nbsp;<\/p>\n<p><a href=\"http:\/\/fabijennas-seeleninsel.de\/wordpress\/wp-content\/uploads\/2014\/02\/10694209_964599036887546_6294221151174648469_o.jpg\"><img loading=\"lazy\" class=\"alignnone size-medium wp-image-1857\" src=\"http:\/\/fabijennas-seeleninsel.de\/wordpress\/wp-content\/uploads\/2014\/02\/10694209_964599036887546_6294221151174648469_o-640x360.jpg\" alt=\"10694209_964599036887546_6294221151174648469_o\" width=\"640\" height=\"360\" data-wp-pid=\"1857\" srcset=\"https:\/\/fabijennas-seeleninsel.de\/wordpress\/wp-content\/uploads\/2014\/02\/10694209_964599036887546_6294221151174648469_o-640x360.jpg 640w, https:\/\/fabijennas-seeleninsel.de\/wordpress\/wp-content\/uploads\/2014\/02\/10694209_964599036887546_6294221151174648469_o-1024x576.jpg 1024w, https:\/\/fabijennas-seeleninsel.de\/wordpress\/wp-content\/uploads\/2014\/02\/10694209_964599036887546_6294221151174648469_o-800x450.jpg 800w, https:\/\/fabijennas-seeleninsel.de\/wordpress\/wp-content\/uploads\/2014\/02\/10694209_964599036887546_6294221151174648469_o.jpg 2048w\" sizes=\"(max-width: 640px) 100vw, 640px\" \/><\/a><\/p>\n<p>&nbsp;<\/p>\n<p><a href=\"http:\/\/fabijennas-seeleninsel.de\/wordpress\/wp-content\/uploads\/2014\/02\/10394781_1363880583751285_2206230435936652497_n.jpg\"><img loading=\"lazy\" class=\"alignnone size-medium wp-image-1860\" src=\"http:\/\/fabijennas-seeleninsel.de\/wordpress\/wp-content\/uploads\/2014\/02\/10394781_1363880583751285_2206230435936652497_n-640x480.jpg\" alt=\"10394781_1363880583751285_2206230435936652497_n\" width=\"640\" height=\"480\" data-wp-pid=\"1860\" srcset=\"https:\/\/fabijennas-seeleninsel.de\/wordpress\/wp-content\/uploads\/2014\/02\/10394781_1363880583751285_2206230435936652497_n-640x480.jpg 640w, https:\/\/fabijennas-seeleninsel.de\/wordpress\/wp-content\/uploads\/2014\/02\/10394781_1363880583751285_2206230435936652497_n-800x600.jpg 800w, https:\/\/fabijennas-seeleninsel.de\/wordpress\/wp-content\/uploads\/2014\/02\/10394781_1363880583751285_2206230435936652497_n.jpg 960w\" sizes=\"(max-width: 640px) 100vw, 640px\" \/><\/a><\/p>\n<p>&nbsp;<\/p>\n<p><a href=\"http:\/\/fabijennas-seeleninsel.de\/wordpress\/wp-content\/uploads\/2014\/02\/1622683_1326268057512538_694059307_n.jpg\"><img loading=\"lazy\" class=\"alignnone size-medium wp-image-1861\" src=\"http:\/\/fabijennas-seeleninsel.de\/wordpress\/wp-content\/uploads\/2014\/02\/1622683_1326268057512538_694059307_n-360x480.jpg\" alt=\"1622683_1326268057512538_694059307_n\" width=\"360\" height=\"480\" data-wp-pid=\"1861\" srcset=\"https:\/\/fabijennas-seeleninsel.de\/wordpress\/wp-content\/uploads\/2014\/02\/1622683_1326268057512538_694059307_n-360x480.jpg 360w, https:\/\/fabijennas-seeleninsel.de\/wordpress\/wp-content\/uploads\/2014\/02\/1622683_1326268057512538_694059307_n-600x800.jpg 600w, https:\/\/fabijennas-seeleninsel.de\/wordpress\/wp-content\/uploads\/2014\/02\/1622683_1326268057512538_694059307_n.jpg 720w\" sizes=\"(max-width: 360px) 100vw, 360px\" \/><\/a><\/p>\n<p>&nbsp;<\/p>\n<p><a href=\"http:\/\/fabijennas-seeleninsel.de\/wordpress\/wp-content\/uploads\/2014\/02\/11200825_1128619820485466_7731029772020511691_n.jpg\"><img loading=\"lazy\" class=\"alignnone size-medium wp-image-1865\" src=\"http:\/\/fabijennas-seeleninsel.de\/wordpress\/wp-content\/uploads\/2014\/02\/11200825_1128619820485466_7731029772020511691_n-360x480.jpg\" alt=\"11200825_1128619820485466_7731029772020511691_n\" width=\"360\" height=\"480\" data-wp-pid=\"1865\" srcset=\"https:\/\/fabijennas-seeleninsel.de\/wordpress\/wp-content\/uploads\/2014\/02\/11200825_1128619820485466_7731029772020511691_n-360x480.jpg 360w, https:\/\/fabijennas-seeleninsel.de\/wordpress\/wp-content\/uploads\/2014\/02\/11200825_1128619820485466_7731029772020511691_n-600x800.jpg 600w, https:\/\/fabijennas-seeleninsel.de\/wordpress\/wp-content\/uploads\/2014\/02\/11200825_1128619820485466_7731029772020511691_n.jpg 720w\" sizes=\"(max-width: 360px) 100vw, 360px\" \/><\/a><\/p>\n","protected":false},"excerpt":{"rendered":"<p>Schamanismus ist die \u00c4lterste und uns bekannteste Spirituelle Tradition der Welt. Er ist in allen Teilender Erde nachgewiesen und viel praktizierte Spirituallit\u00e4t. Es handelt sich nicht um Religion. Der Schamane hat gro\u00dfen Respekt und Wertsch\u00e4tzt der Sch\u00f6pfung,deren Diener ist. Schamanismus ist gelebte Spiritualit\u00e4t, eine offene Weltanschaung,eine Lebensweise. &nbsp; &nbsp; &nbsp; &nbsp;<\/p>\n","protected":false},"author":3,"featured_media":1863,"parent":0,"menu_order":0,"comment_status":"closed","ping_status":"open","template":"","meta":{"_et_pb_use_builder":"","_et_pb_old_content":"","_et_gb_content_width":""},"_links":{"self":[{"href":"https:\/\/fabijennas-seeleninsel.de\/wordpress\/wp-json\/wp\/v2\/pages\/147"}],"collection":[{"href":"https:\/\/fabijennas-seeleninsel.de\/wordpress\/wp-json\/wp\/v2\/pages"}],"about":[{"href":"https:\/\/fabijennas-seeleninsel.de\/wordpress\/wp-json\/wp\/v2\/types\/page"}],"author":[{"embeddable":true,"href":"https:\/\/fabijennas-seeleninsel.de\/wordpress\/wp-json\/wp\/v2\/users\/3"}],"replies":[{"embeddable":true,"href":"https:\/\/fabijennas-seeleninsel.de\/wordpress\/wp-json\/wp\/v2\/comments?post=147"}],"version-history":[{"count":6,"href":"https:\/\/fabijennas-seeleninsel.de\/wordpress\/wp-json\/wp\/v2\/pages\/147\/revisions"}],"predecessor-version":[{"id":1867,"href":"https:\/\/fabijennas-seeleninsel.de\/wordpress\/wp-json\/wp\/v2\/pages\/147\/revisions\/1867"}],"wp:featuredmedia":[{"embeddable":true,"href":"https:\/\/fabijennas-seeleninsel.de\/wordpress\/wp-json\/wp\/v2\/media\/1863"}],"wp:attachment":[{"href":"https:\/\/fabijennas-seeleninsel.de\/wordpress\/wp-json\/wp\/v2\/media?parent=147"}],"curies":[{"name":"wp","href":"https:\/\/api.w.org\/{rel}","templated":true}]}}