{"id":158,"date":"2014-02-22T13:28:25","date_gmt":"2014-02-22T11:28:25","guid":{"rendered":"http:\/\/fabijennas-seeleninsel.de\/wordpress2\/?page_id=158"},"modified":"2017-08-20T06:55:19","modified_gmt":"2017-08-20T04:55:19","slug":"schamanische-hausreinigung","status":"publish","type":"page","link":"https:\/\/fabijennas-seeleninsel.de\/wordpress\/schamanische-hausreinigung\/","title":{"rendered":"Schamanische Hausreinigung"},"content":{"rendered":"<p><a href=\"http:\/\/fabijennas-seeleninsel.de\/wordpress\/wp-content\/uploads\/2014\/02\/1451617_1278097775662900_1610853644_n.jpg\"><img loading=\"lazy\" class=\"alignright size-medium wp-image-262\" src=\"http:\/\/fabijennas-seeleninsel.de\/wordpress\/wp-content\/uploads\/2014\/02\/1451617_1278097775662900_1610853644_n-300x258.jpg\" alt=\"1451617_1278097775662900_1610853644_n\" width=\"300\" height=\"258\" \/><\/a>Unangenehme Ereignisse, \u00c4ngste, Wut, \u00c4rger, Streit sind Energien, die das Wohlbefinden beeintr\u00e4chtigen k\u00f6nnen.<\/p>\n<p>Auch wenn Sie nicht schlafen k\u00f6nnen, wenn Sie das Gef\u00fchl haben<br \/>\nes ist jemand im Haus, wenn Sie sich beobachtet f\u00fchlen, wenn es immer kalt ist obwohl die Heizung funktioniert \u2013 wenn also etwas nicht in Ordnung ist, kann die Hausreinigung Abhilfe schaffen.<\/p>\n<p>Auch vorbeugend und bei Umzug in ein neues Heim ist die Hausreinigung angezeigt, genauso nach Trennungen, zu (Gesch\u00e4fts-) Er\u00f6ffnungen, und bei Generations\u00fcbernahme.<br \/>\nEine energetische Hausreinigung mit R\u00e4uchern und selbst gebaute Trommeln ist wie ein Gro\u00dfputz im Haus auf energetischer Ebene. Alte belastende Energien werden transformiert. Alle R\u00e4ume werden gereinigt und neu energetisiert.<\/p>\n<p><a href=\"http:\/\/fabijennas-seeleninsel.de\/wordpress\/wp-content\/uploads\/2014\/02\/884419_1199204533552225_1764239273_o.jpg\"><img loading=\"lazy\" class=\"alignleft size-medium wp-image-263\" src=\"http:\/\/fabijennas-seeleninsel.de\/wordpress\/wp-content\/uploads\/2014\/02\/884419_1199204533552225_1764239273_o-300x225.jpg\" alt=\"884419_1199204533552225_1764239273_o\" width=\"300\" height=\"225\" \/><\/a><br \/>\nSchamanismus ist keine Religion, sondern der Erfahrungsschatz vieler Generationen, die Heilkr\u00e4fte der Elemente, der Natur und des Kosmos wahrzunehmen, zu verstehen und anzuwenden.<\/p>\n<p>&nbsp;<\/p>\n<p>&nbsp;<\/p>\n","protected":false},"excerpt":{"rendered":"<p>Unangenehme Ereignisse, \u00c4ngste, Wut, \u00c4rger, Streit sind Energien, die das Wohlbefinden beeintr\u00e4chtigen k\u00f6nnen. Auch wenn Sie nicht schlafen k\u00f6nnen, wenn Sie das Gef\u00fchl haben es ist jemand im Haus, wenn Sie sich beobachtet f\u00fchlen, wenn es immer kalt ist obwohl die Heizung funktioniert \u2013 wenn also etwas nicht in Ordnung ist, kann die Hausreinigung Abhilfe [&hellip;]<\/p>\n","protected":false},"author":3,"featured_media":262,"parent":0,"menu_order":0,"comment_status":"closed","ping_status":"open","template":"","meta":{"_et_pb_use_builder":"","_et_pb_old_content":"","_et_gb_content_width":""},"_links":{"self":[{"href":"https:\/\/fabijennas-seeleninsel.de\/wordpress\/wp-json\/wp\/v2\/pages\/158"}],"collection":[{"href":"https:\/\/fabijennas-seeleninsel.de\/wordpress\/wp-json\/wp\/v2\/pages"}],"about":[{"href":"https:\/\/fabijennas-seeleninsel.de\/wordpress\/wp-json\/wp\/v2\/types\/page"}],"author":[{"embeddable":true,"href":"https:\/\/fabijennas-seeleninsel.de\/wordpress\/wp-json\/wp\/v2\/users\/3"}],"replies":[{"embeddable":true,"href":"https:\/\/fabijennas-seeleninsel.de\/wordpress\/wp-json\/wp\/v2\/comments?post=158"}],"version-history":[{"count":6,"href":"https:\/\/fabijennas-seeleninsel.de\/wordpress\/wp-json\/wp\/v2\/pages\/158\/revisions"}],"predecessor-version":[{"id":4128,"href":"https:\/\/fabijennas-seeleninsel.de\/wordpress\/wp-json\/wp\/v2\/pages\/158\/revisions\/4128"}],"wp:featuredmedia":[{"embeddable":true,"href":"https:\/\/fabijennas-seeleninsel.de\/wordpress\/wp-json\/wp\/v2\/media\/262"}],"wp:attachment":[{"href":"https:\/\/fabijennas-seeleninsel.de\/wordpress\/wp-json\/wp\/v2\/media?parent=158"}],"curies":[{"name":"wp","href":"https:\/\/api.w.org\/{rel}","templated":true}]}}