{"id":171,"date":"2014-02-22T13:32:39","date_gmt":"2014-02-22T11:32:39","guid":{"rendered":"http:\/\/fabijennas-seeleninsel.de\/wordpress2\/?page_id=171"},"modified":"2015-12-15T15:13:15","modified_gmt":"2015-12-15T13:13:15","slug":"persoenliche-bilder","status":"publish","type":"page","link":"https:\/\/fabijennas-seeleninsel.de\/wordpress\/persoenliche-bilder\/","title":{"rendered":"Pers\u00f6nliche Bilder"},"content":{"rendered":"<p>Energiebilder,<\/p>\n<p>Pers\u00f6nliches Energie Bild.<\/p>\n<p>Was ist ein Energiebild: Auf Wunsch male ich Ihr ganz individuelles Bild.<br \/>\nDabei setze ich Schwingungsebenen in Form und Farbe um.<\/p>\n<p>Seine Wirkung kann sich auf viele Lebensbereiche auswirken. Energie- und Heilbilder wirken in Form und Farbe auf die Seele und sind f\u00fcr Sie und ihren Lebensraum unterst\u00fctzend. Durch meine Bilder weden Impulse freigesetzt, die uns mit Liebe, Inspiration, Vollkommenheit und Harmonie erf\u00fcllen.<\/p>\n<p>Ein ENERGIE\u2013BILD wirkt durch seine zielgerichtete Schwingung, die genau auf Sie abgestimmt ist.<\/p>\n<p>Sie k\u00f6nnen auch meine fertigen Bilder betrachten und das Bild, dass ihre Seele ber\u00fchrt, ist das richtige Energiebild f\u00fcr Sie.<\/p>\n<p>&nbsp;<\/p>\n<p><a href=\"http:\/\/fabijennas-seeleninsel.de\/wordpress\/wp-content\/uploads\/2014\/02\/1779669_616446648434306_1621929455_n.jpg\"><img loading=\"lazy\" class=\"alignnone size-medium wp-image-1834\" src=\"http:\/\/fabijennas-seeleninsel.de\/wordpress\/wp-content\/uploads\/2014\/02\/1779669_616446648434306_1621929455_n-640x480.jpg\" alt=\"1779669_616446648434306_1621929455_n\" width=\"640\" height=\"480\" data-wp-pid=\"1834\" srcset=\"https:\/\/fabijennas-seeleninsel.de\/wordpress\/wp-content\/uploads\/2014\/02\/1779669_616446648434306_1621929455_n-640x480.jpg 640w, https:\/\/fabijennas-seeleninsel.de\/wordpress\/wp-content\/uploads\/2014\/02\/1779669_616446648434306_1621929455_n-800x600.jpg 800w, https:\/\/fabijennas-seeleninsel.de\/wordpress\/wp-content\/uploads\/2014\/02\/1779669_616446648434306_1621929455_n.jpg 960w\" sizes=\"(max-width: 640px) 100vw, 640px\" \/><\/a><\/p>\n<p>&nbsp;<\/p>\n<p><a href=\"http:\/\/fabijennas-seeleninsel.de\/wordpress\/wp-content\/uploads\/2014\/02\/10646761_730390377039932_4202186985603896246_n.jpg\"><img loading=\"lazy\" class=\"alignnone size-medium wp-image-1836\" src=\"http:\/\/fabijennas-seeleninsel.de\/wordpress\/wp-content\/uploads\/2014\/02\/10646761_730390377039932_4202186985603896246_n-640x480.jpg\" alt=\"10646761_730390377039932_4202186985603896246_n\" width=\"640\" height=\"480\" data-wp-pid=\"1836\" srcset=\"https:\/\/fabijennas-seeleninsel.de\/wordpress\/wp-content\/uploads\/2014\/02\/10646761_730390377039932_4202186985603896246_n-640x480.jpg 640w, https:\/\/fabijennas-seeleninsel.de\/wordpress\/wp-content\/uploads\/2014\/02\/10646761_730390377039932_4202186985603896246_n-800x600.jpg 800w, https:\/\/fabijennas-seeleninsel.de\/wordpress\/wp-content\/uploads\/2014\/02\/10646761_730390377039932_4202186985603896246_n.jpg 960w\" sizes=\"(max-width: 640px) 100vw, 640px\" \/><\/a><\/p>\n<p>&nbsp;<\/p>\n<p>PERS\u00d6NLICHE UNIVERSUM BILDER<\/p>\n<p>Pers\u00f6nliches Universumbild.<br \/>\nIch male seit einiger Zeit Universum und pers\u00f6nliche Universum Bilder. Pers\u00f6nliche Universum und Universum Bilder werden mir gezeigt w\u00e4hrend einer Meditation. Ich durfte schon mehrere Universum Bilder malen und daf\u00fcr bin ich sehr dankbar. W\u00e4hrend der Entstehung dieser Bilder werden mir Farben angezeigt und meine H\u00e4nde werden gef\u00fchrt. Dazu bekomme ich auch ein Botschaft aus der geistigen Welt. Dieses Bild erinnert sie an ihren Ursprung und an ihre Verbindung zur inneren Weisheit. Ich arbeite mit Acryl Farben, Edelsteine, Kugeln, Glitzer usw. Es kann vorkommen das ich auch mit Modelliermasse arbeite. Ich lasse mich einfach f\u00fchren. Dabei entstehen wundervolle Universum Bilder. Es ist eine wundersch\u00f6ne Arbeit und es bereitet mir gro\u00dfe Freude. Voller Dankbarkeit und Demut entstehen diese Universum Bilder. Ich freue mich sehr wenn ich auch f\u00fcr dich ein pers\u00f6nliches Universums Bild anfertigen kann.<br \/>\nDas kleinste Bild vom Universum ist in der Gr\u00f6\u00dfe von 100 cm x 70cm angerfertig.<br \/>\nHier ein Beispiel vom Pers\u00f6nliches Universum Bild der ich ver\u00f6ffentlichen darf.<\/p>\n<p>&nbsp;<\/p>\n<p><a href=\"http:\/\/fabijennas-seeleninsel.de\/wordpress\/wp-content\/uploads\/2014\/02\/1890542_614552541957050_1253630436_o.jpg\"><img loading=\"lazy\" class=\"alignnone size-medium wp-image-1838\" src=\"http:\/\/fabijennas-seeleninsel.de\/wordpress\/wp-content\/uploads\/2014\/02\/1890542_614552541957050_1253630436_o-634x480.jpg\" alt=\"1890542_614552541957050_1253630436_o\" width=\"634\" height=\"480\" data-wp-pid=\"1838\" srcset=\"https:\/\/fabijennas-seeleninsel.de\/wordpress\/wp-content\/uploads\/2014\/02\/1890542_614552541957050_1253630436_o-634x480.jpg 634w, https:\/\/fabijennas-seeleninsel.de\/wordpress\/wp-content\/uploads\/2014\/02\/1890542_614552541957050_1253630436_o-1024x775.jpg 1024w, https:\/\/fabijennas-seeleninsel.de\/wordpress\/wp-content\/uploads\/2014\/02\/1890542_614552541957050_1253630436_o-800x606.jpg 800w, https:\/\/fabijennas-seeleninsel.de\/wordpress\/wp-content\/uploads\/2014\/02\/1890542_614552541957050_1253630436_o.jpg 1026w\" sizes=\"(max-width: 634px) 100vw, 634px\" \/><\/a><\/p>\n<p>&nbsp;<\/p>\n<p><a href=\"http:\/\/fabijennas-seeleninsel.de\/wordpress\/wp-content\/uploads\/2014\/02\/10475446_680014835410820_4583580589478343574_o.jpg\"><img loading=\"lazy\" class=\"alignnone size-medium wp-image-1839\" src=\"http:\/\/fabijennas-seeleninsel.de\/wordpress\/wp-content\/uploads\/2014\/02\/10475446_680014835410820_4583580589478343574_o-640x455.jpg\" alt=\"10475446_680014835410820_4583580589478343574_o\" width=\"640\" height=\"455\" data-wp-pid=\"1839\" srcset=\"https:\/\/fabijennas-seeleninsel.de\/wordpress\/wp-content\/uploads\/2014\/02\/10475446_680014835410820_4583580589478343574_o-640x455.jpg 640w, https:\/\/fabijennas-seeleninsel.de\/wordpress\/wp-content\/uploads\/2014\/02\/10475446_680014835410820_4583580589478343574_o-1024x728.jpg 1024w, https:\/\/fabijennas-seeleninsel.de\/wordpress\/wp-content\/uploads\/2014\/02\/10475446_680014835410820_4583580589478343574_o-800x569.jpg 800w, https:\/\/fabijennas-seeleninsel.de\/wordpress\/wp-content\/uploads\/2014\/02\/10475446_680014835410820_4583580589478343574_o.jpg 1046w\" sizes=\"(max-width: 640px) 100vw, 640px\" \/><\/a><\/p>\n<p>&nbsp;<\/p>\n<p><a href=\"http:\/\/fabijennas-seeleninsel.de\/wordpress\/wp-content\/uploads\/2014\/02\/10489916_682147028530934_7886336203590679085_n.jpg\"><img loading=\"lazy\" class=\"alignnone size-medium wp-image-1840\" src=\"http:\/\/fabijennas-seeleninsel.de\/wordpress\/wp-content\/uploads\/2014\/02\/10489916_682147028530934_7886336203590679085_n-640x304.jpg\" alt=\"10489916_682147028530934_7886336203590679085_n\" width=\"640\" height=\"304\" data-wp-pid=\"1840\" srcset=\"https:\/\/fabijennas-seeleninsel.de\/wordpress\/wp-content\/uploads\/2014\/02\/10489916_682147028530934_7886336203590679085_n-640x304.jpg 640w, https:\/\/fabijennas-seeleninsel.de\/wordpress\/wp-content\/uploads\/2014\/02\/10489916_682147028530934_7886336203590679085_n-800x379.jpg 800w, https:\/\/fabijennas-seeleninsel.de\/wordpress\/wp-content\/uploads\/2014\/02\/10489916_682147028530934_7886336203590679085_n.jpg 896w\" sizes=\"(max-width: 640px) 100vw, 640px\" \/><\/a><\/p>\n<p>&nbsp;<\/p>\n<p>SELLENBILDER<\/p>\n<p>Ein Seelenbild ist ein Spiegel Deiner Seele, das was Du bist. Ein Seelenbild ist durch meine geistigen Helfer mit Energie aufgeladen speziell f\u00fcr die Person die es bestellte. Ich ben\u00f6tige daf\u00fcr den Namen, das Geburtstagdatum und ein Foto oder den pers\u00f6nlichen Kontakt. Danach stimme ich mich w\u00e4hrend der Meditation, die mich mit D\u00fcften und Kl\u00e4ngen begleitet, auf die Person ein, wobei mir verschiedene Farben und Formen erscheinen. (Engel, Kreise,Blumen&#8230;&#8230;)Das Seelenbild ist nicht nur ein sch\u00f6ner Wandschmuck, das Seelenbild ist ein Wegbegleiter der Dir hilft auf deinem Weg um Deinem Seelenziel zu folgen. Diese Bilder sind mit dem Universum verbunden und wachsen mit Dir mit. Seelenbilder werden durch Formen und Farben ganz pers\u00f6nlich auf Dich und Dein Seelenweg abgestimmt. Das Bild f\u00fcllt den Raum mit einer besonderen Energie. Du kannst auch mit Deinem Bild meditieren und visualisieren. Meine Bilder eignen sich auch als Geschenk f\u00fcr liebevolle Menschen die Dich in Deinem Leben begleiten. Die mit Acrylfarben gemalten Bilder sind auf Keilrahmen. Ich vervende auch unterschiedliche materiallen.<br \/>\nDu bekommst dein Bild mit einem Botschaft.<br \/>\nDie kleinste gr\u00f6\u00dfe eines Seelenbildes ist 50cmx70cm, andere gr\u00f6\u00dfe nach ansprache.<\/p>\n<p>&nbsp;<\/p>\n<p><a href=\"http:\/\/fabijennas-seeleninsel.de\/wordpress\/wp-content\/uploads\/2014\/02\/10273193_651068238305480_7385901898336571841_o-2.jpg\"><img loading=\"lazy\" class=\"alignnone size-medium wp-image-1843\" src=\"http:\/\/fabijennas-seeleninsel.de\/wordpress\/wp-content\/uploads\/2014\/02\/10273193_651068238305480_7385901898336571841_o-2-360x480.jpg\" alt=\"10273193_651068238305480_7385901898336571841_o-2\" width=\"360\" height=\"480\" data-wp-pid=\"1843\" srcset=\"https:\/\/fabijennas-seeleninsel.de\/wordpress\/wp-content\/uploads\/2014\/02\/10273193_651068238305480_7385901898336571841_o-2-360x480.jpg 360w, https:\/\/fabijennas-seeleninsel.de\/wordpress\/wp-content\/uploads\/2014\/02\/10273193_651068238305480_7385901898336571841_o-2-768x1024.jpg 768w, https:\/\/fabijennas-seeleninsel.de\/wordpress\/wp-content\/uploads\/2014\/02\/10273193_651068238305480_7385901898336571841_o-2-600x800.jpg 600w, https:\/\/fabijennas-seeleninsel.de\/wordpress\/wp-content\/uploads\/2014\/02\/10273193_651068238305480_7385901898336571841_o-2.jpg 1536w\" sizes=\"(max-width: 360px) 100vw, 360px\" \/><\/a><\/p>\n<p>&nbsp;<\/p>\n<p><a href=\"http:\/\/fabijennas-seeleninsel.de\/wordpress\/wp-content\/uploads\/2014\/02\/10441206_666167053462265_7233037649468009038_n.jpg\"><img loading=\"lazy\" class=\"alignnone size-medium wp-image-1844\" src=\"http:\/\/fabijennas-seeleninsel.de\/wordpress\/wp-content\/uploads\/2014\/02\/10441206_666167053462265_7233037649468009038_n-360x480.jpg\" alt=\"10441206_666167053462265_7233037649468009038_n\" width=\"360\" height=\"480\" data-wp-pid=\"1844\" srcset=\"https:\/\/fabijennas-seeleninsel.de\/wordpress\/wp-content\/uploads\/2014\/02\/10441206_666167053462265_7233037649468009038_n-360x480.jpg 360w, https:\/\/fabijennas-seeleninsel.de\/wordpress\/wp-content\/uploads\/2014\/02\/10441206_666167053462265_7233037649468009038_n-600x800.jpg 600w, https:\/\/fabijennas-seeleninsel.de\/wordpress\/wp-content\/uploads\/2014\/02\/10441206_666167053462265_7233037649468009038_n.jpg 720w\" sizes=\"(max-width: 360px) 100vw, 360px\" \/><\/a><\/p>\n<p>&nbsp;<\/p>\n<p><a href=\"http:\/\/fabijennas-seeleninsel.de\/wordpress\/wp-content\/uploads\/2014\/02\/10384523_691113990967571_7183511178535847589_n.jpg\"><img loading=\"lazy\" class=\"alignnone size-medium wp-image-1845\" src=\"http:\/\/fabijennas-seeleninsel.de\/wordpress\/wp-content\/uploads\/2014\/02\/10384523_691113990967571_7183511178535847589_n-360x480.jpg\" alt=\"10384523_691113990967571_7183511178535847589_n\" width=\"360\" height=\"480\" data-wp-pid=\"1845\" srcset=\"https:\/\/fabijennas-seeleninsel.de\/wordpress\/wp-content\/uploads\/2014\/02\/10384523_691113990967571_7183511178535847589_n-360x480.jpg 360w, https:\/\/fabijennas-seeleninsel.de\/wordpress\/wp-content\/uploads\/2014\/02\/10384523_691113990967571_7183511178535847589_n-600x800.jpg 600w, https:\/\/fabijennas-seeleninsel.de\/wordpress\/wp-content\/uploads\/2014\/02\/10384523_691113990967571_7183511178535847589_n.jpg 720w\" sizes=\"(max-width: 360px) 100vw, 360px\" \/><\/a><\/p>\n","protected":false},"excerpt":{"rendered":"<p>Energiebilder, Pers\u00f6nliches Energie Bild. Was ist ein Energiebild: Auf Wunsch male ich Ihr ganz individuelles Bild. Dabei setze ich Schwingungsebenen in Form und Farbe um. Seine Wirkung kann sich auf viele Lebensbereiche auswirken. Energie- und Heilbilder wirken in Form und Farbe auf die Seele und sind f\u00fcr Sie und ihren Lebensraum unterst\u00fctzend. Durch meine Bilder [&hellip;]<\/p>\n","protected":false},"author":3,"featured_media":1836,"parent":0,"menu_order":0,"comment_status":"closed","ping_status":"open","template":"","meta":{"_et_pb_use_builder":"","_et_pb_old_content":"","_et_gb_content_width":""},"_links":{"self":[{"href":"https:\/\/fabijennas-seeleninsel.de\/wordpress\/wp-json\/wp\/v2\/pages\/171"}],"collection":[{"href":"https:\/\/fabijennas-seeleninsel.de\/wordpress\/wp-json\/wp\/v2\/pages"}],"about":[{"href":"https:\/\/fabijennas-seeleninsel.de\/wordpress\/wp-json\/wp\/v2\/types\/page"}],"author":[{"embeddable":true,"href":"https:\/\/fabijennas-seeleninsel.de\/wordpress\/wp-json\/wp\/v2\/users\/3"}],"replies":[{"embeddable":true,"href":"https:\/\/fabijennas-seeleninsel.de\/wordpress\/wp-json\/wp\/v2\/comments?post=171"}],"version-history":[{"count":5,"href":"https:\/\/fabijennas-seeleninsel.de\/wordpress\/wp-json\/wp\/v2\/pages\/171\/revisions"}],"predecessor-version":[{"id":1846,"href":"https:\/\/fabijennas-seeleninsel.de\/wordpress\/wp-json\/wp\/v2\/pages\/171\/revisions\/1846"}],"wp:featuredmedia":[{"embeddable":true,"href":"https:\/\/fabijennas-seeleninsel.de\/wordpress\/wp-json\/wp\/v2\/media\/1836"}],"wp:attachment":[{"href":"https:\/\/fabijennas-seeleninsel.de\/wordpress\/wp-json\/wp\/v2\/media?parent=171"}],"curies":[{"name":"wp","href":"https:\/\/api.w.org\/{rel}","templated":true}]}}