{"id":224,"date":"2014-04-16T22:55:00","date_gmt":"2014-04-16T20:55:00","guid":{"rendered":"http:\/\/fabijennas-seeleninsel.de\/wordpress\/?page_id=224"},"modified":"2017-01-19T12:58:08","modified_gmt":"2017-01-19T10:58:08","slug":"naturgeister","status":"publish","type":"page","link":"https:\/\/fabijennas-seeleninsel.de\/wordpress\/naturgeister\/","title":{"rendered":"Naturgeister"},"content":{"rendered":"<p>Der kleiner Kobold.<br \/>\nEinen Schritt hier einen Schritt da ich bin der Kobold aus dunklen Wald. Ich springe, tanze in Wald herum und f\u00fchre manche menschen an der Nase herum.<br \/>\nZippe zappi zippe zapp ich spiele dir einen kleinen Streich. Ich bin lustig ich bin frech, bin auch treu und erscheine ohne Scheu.<br \/>\nLieber mensch, sei nicht so starr und genie\u00dfe dein Leben das du auf die Muttererde hast. Erwecke einen kleinen Kobold in dir und lasse deine Sorgen und Kummer hinter dir. Das was war ist hinter dir, schau in den Spiegel und erkenne dein wahres Licht.<br \/>\nDas Leben ist nicht so ernst wie du meins, lass dich tragen von der Leichtigkeit.<br \/>\nEinen Schritt hier,einen Schritt da \u00f6ffne dich f\u00fcr meine Energie und ich bringe dir Freude,Spa\u00df und Leichtigkeit.<br \/>\n(c) Text, Bild : Hana Fabijenna Rosenauer<\/p>\n<p>&nbsp;<\/p>\n<p><a href=\"https:\/\/fabijennas-seeleninsel.de\/wordpress\/wp-content\/uploads\/2014\/04\/15977880_1246944032051228_5596102381915156941_n.jpg\"><img loading=\"lazy\" class=\"alignnone size-medium wp-image-3492\" src=\"https:\/\/fabijennas-seeleninsel.de\/wordpress\/wp-content\/uploads\/2014\/04\/15977880_1246944032051228_5596102381915156941_n-283x480.jpg\" alt=\"15977880_1246944032051228_5596102381915156941_n\" width=\"283\" height=\"480\" data-wp-pid=\"3492\" srcset=\"https:\/\/fabijennas-seeleninsel.de\/wordpress\/wp-content\/uploads\/2014\/04\/15977880_1246944032051228_5596102381915156941_n-283x480.jpg 283w, https:\/\/fabijennas-seeleninsel.de\/wordpress\/wp-content\/uploads\/2014\/04\/15977880_1246944032051228_5596102381915156941_n-472x800.jpg 472w, https:\/\/fabijennas-seeleninsel.de\/wordpress\/wp-content\/uploads\/2014\/04\/15977880_1246944032051228_5596102381915156941_n.jpg 566w\" sizes=\"(max-width: 283px) 100vw, 283px\" \/><\/a><\/p>\n","protected":false},"excerpt":{"rendered":"<p>Der kleiner Kobold. Einen Schritt hier einen Schritt da ich bin der Kobold aus dunklen Wald. Ich springe, tanze in Wald herum und f\u00fchre manche menschen an der Nase herum. Zippe zappi zippe zapp ich spiele dir einen kleinen Streich. Ich bin lustig ich bin frech, bin auch treu und erscheine ohne Scheu. Lieber mensch, [&hellip;]<\/p>\n","protected":false},"author":3,"featured_media":2034,"parent":0,"menu_order":0,"comment_status":"closed","ping_status":"open","template":"","meta":{"_et_pb_use_builder":"","_et_pb_old_content":"","_et_gb_content_width":""},"_links":{"self":[{"href":"https:\/\/fabijennas-seeleninsel.de\/wordpress\/wp-json\/wp\/v2\/pages\/224"}],"collection":[{"href":"https:\/\/fabijennas-seeleninsel.de\/wordpress\/wp-json\/wp\/v2\/pages"}],"about":[{"href":"https:\/\/fabijennas-seeleninsel.de\/wordpress\/wp-json\/wp\/v2\/types\/page"}],"author":[{"embeddable":true,"href":"https:\/\/fabijennas-seeleninsel.de\/wordpress\/wp-json\/wp\/v2\/users\/3"}],"replies":[{"embeddable":true,"href":"https:\/\/fabijennas-seeleninsel.de\/wordpress\/wp-json\/wp\/v2\/comments?post=224"}],"version-history":[{"count":3,"href":"https:\/\/fabijennas-seeleninsel.de\/wordpress\/wp-json\/wp\/v2\/pages\/224\/revisions"}],"predecessor-version":[{"id":3493,"href":"https:\/\/fabijennas-seeleninsel.de\/wordpress\/wp-json\/wp\/v2\/pages\/224\/revisions\/3493"}],"wp:featuredmedia":[{"embeddable":true,"href":"https:\/\/fabijennas-seeleninsel.de\/wordpress\/wp-json\/wp\/v2\/media\/2034"}],"wp:attachment":[{"href":"https:\/\/fabijennas-seeleninsel.de\/wordpress\/wp-json\/wp\/v2\/media?parent=224"}],"curies":[{"name":"wp","href":"https:\/\/api.w.org\/{rel}","templated":true}]}}