{"id":242,"date":"2014-04-16T23:17:44","date_gmt":"2014-04-16T21:17:44","guid":{"rendered":"http:\/\/fabijennas-seeleninsel.de\/wordpress\/?page_id=242"},"modified":"2015-12-16T12:49:29","modified_gmt":"2015-12-16T10:49:29","slug":"universumbilder","status":"publish","type":"page","link":"https:\/\/fabijennas-seeleninsel.de\/wordpress\/universumbilder\/","title":{"rendered":"Universumbilder"},"content":{"rendered":"<p>Universumbild: Universum des Sanftmutes.<br \/>\nSei sanftm\u00fctig mit dir. Oft machen wir uns Druck wenn wir etwas besonders gut machen m\u00f6chten. Wir wollen Menschen beeindrucken und wir wollen ihnen zeigen was wir k\u00f6nnen doch genau in diesem Moment passiert das was wir nicht wollten. Ein Druck erzeugt Gegendruck. Diese innere Spannung hindert uns daran das wir uns so ausdr\u00fccken wie wir wirklich sind. Sei sanft, geduldig,und behutsam mit dir. Sei so wie du bist. Mit diesem Sanftmut streichelst du deine Seele und dein Herz. Aus deinem Herzen erklingt sanfte Musik die dich mit dem Universum verbindet. In dem Sanftmut liegt die gr\u00f6\u00dfte St\u00e4rke.<br \/>\nBildgr\u00f6\u00dfe: 100cm x70cm<\/p>\n<p><a href=\"http:\/\/fabijennas-seeleninsel.de\/wordpress\/wp-content\/uploads\/2014\/05\/IMG_9148.jpg\"><img loading=\"lazy\" class=\"alignnone size-medium wp-image-532\" src=\"http:\/\/fabijennas-seeleninsel.de\/wordpress\/wp-content\/uploads\/2014\/05\/IMG_9148-640x454.jpg\" alt=\"IMG_9148\" width=\"640\" height=\"454\" data-wp-pid=\"532\" srcset=\"https:\/\/fabijennas-seeleninsel.de\/wordpress\/wp-content\/uploads\/2014\/05\/IMG_9148-640x454.jpg 640w, https:\/\/fabijennas-seeleninsel.de\/wordpress\/wp-content\/uploads\/2014\/05\/IMG_9148-1024x727.jpg 1024w, https:\/\/fabijennas-seeleninsel.de\/wordpress\/wp-content\/uploads\/2014\/05\/IMG_9148-800x568.jpg 800w\" sizes=\"(max-width: 640px) 100vw, 640px\" \/><\/a><\/p>\n<p>&nbsp;<\/p>\n<p><a href=\"http:\/\/fabijennas-seeleninsel.de\/wordpress\/wp-content\/uploads\/2014\/05\/10258607_640719032673734_5820739084853471854_n.jpg\"><img loading=\"lazy\" class=\"alignnone size-medium wp-image-533\" src=\"http:\/\/fabijennas-seeleninsel.de\/wordpress\/wp-content\/uploads\/2014\/05\/10258607_640719032673734_5820739084853471854_n-640x418.jpg\" alt=\"10258607_640719032673734_5820739084853471854_n\" width=\"640\" height=\"418\" data-wp-pid=\"533\" srcset=\"https:\/\/fabijennas-seeleninsel.de\/wordpress\/wp-content\/uploads\/2014\/05\/10258607_640719032673734_5820739084853471854_n-640x418.jpg 640w, https:\/\/fabijennas-seeleninsel.de\/wordpress\/wp-content\/uploads\/2014\/05\/10258607_640719032673734_5820739084853471854_n-207x136.jpg 207w, https:\/\/fabijennas-seeleninsel.de\/wordpress\/wp-content\/uploads\/2014\/05\/10258607_640719032673734_5820739084853471854_n-260x170.jpg 260w, https:\/\/fabijennas-seeleninsel.de\/wordpress\/wp-content\/uploads\/2014\/05\/10258607_640719032673734_5820739084853471854_n-800x523.jpg 800w, https:\/\/fabijennas-seeleninsel.de\/wordpress\/wp-content\/uploads\/2014\/05\/10258607_640719032673734_5820739084853471854_n.jpg 960w\" sizes=\"(max-width: 640px) 100vw, 640px\" \/><\/a><\/p>\n<p>&nbsp;<\/p>\n<p><a href=\"http:\/\/fabijennas-seeleninsel.de\/wordpress\/wp-content\/uploads\/2014\/05\/1526454_642076865871284_1658211986047485526_n.jpg\"><img loading=\"lazy\" class=\"alignnone size-medium wp-image-534\" src=\"http:\/\/fabijennas-seeleninsel.de\/wordpress\/wp-content\/uploads\/2014\/05\/1526454_642076865871284_1658211986047485526_n-640x480.jpg\" alt=\"1526454_642076865871284_1658211986047485526_n\" width=\"640\" height=\"480\" data-wp-pid=\"534\" srcset=\"https:\/\/fabijennas-seeleninsel.de\/wordpress\/wp-content\/uploads\/2014\/05\/1526454_642076865871284_1658211986047485526_n-640x480.jpg 640w, https:\/\/fabijennas-seeleninsel.de\/wordpress\/wp-content\/uploads\/2014\/05\/1526454_642076865871284_1658211986047485526_n-800x600.jpg 800w, https:\/\/fabijennas-seeleninsel.de\/wordpress\/wp-content\/uploads\/2014\/05\/1526454_642076865871284_1658211986047485526_n.jpg 960w\" sizes=\"(max-width: 640px) 100vw, 640px\" \/><\/a><\/p>\n","protected":false},"excerpt":{"rendered":"<p>Universumbild: Universum des Sanftmutes. Sei sanftm\u00fctig mit dir. Oft machen wir uns Druck wenn wir etwas besonders gut machen m\u00f6chten. Wir wollen Menschen beeindrucken und wir wollen ihnen zeigen was wir k\u00f6nnen doch genau in diesem Moment passiert das was wir nicht wollten. Ein Druck erzeugt Gegendruck. Diese innere Spannung hindert uns daran das wir [&hellip;]<\/p>\n","protected":false},"author":3,"featured_media":0,"parent":0,"menu_order":0,"comment_status":"closed","ping_status":"open","template":"","meta":{"_et_pb_use_builder":"","_et_pb_old_content":"","_et_gb_content_width":""},"_links":{"self":[{"href":"https:\/\/fabijennas-seeleninsel.de\/wordpress\/wp-json\/wp\/v2\/pages\/242"}],"collection":[{"href":"https:\/\/fabijennas-seeleninsel.de\/wordpress\/wp-json\/wp\/v2\/pages"}],"about":[{"href":"https:\/\/fabijennas-seeleninsel.de\/wordpress\/wp-json\/wp\/v2\/types\/page"}],"author":[{"embeddable":true,"href":"https:\/\/fabijennas-seeleninsel.de\/wordpress\/wp-json\/wp\/v2\/users\/3"}],"replies":[{"embeddable":true,"href":"https:\/\/fabijennas-seeleninsel.de\/wordpress\/wp-json\/wp\/v2\/comments?post=242"}],"version-history":[{"count":4,"href":"https:\/\/fabijennas-seeleninsel.de\/wordpress\/wp-json\/wp\/v2\/pages\/242\/revisions"}],"predecessor-version":[{"id":1895,"href":"https:\/\/fabijennas-seeleninsel.de\/wordpress\/wp-json\/wp\/v2\/pages\/242\/revisions\/1895"}],"wp:attachment":[{"href":"https:\/\/fabijennas-seeleninsel.de\/wordpress\/wp-json\/wp\/v2\/media?parent=242"}],"curies":[{"name":"wp","href":"https:\/\/api.w.org\/{rel}","templated":true}]}}