{"id":302,"date":"2014-04-17T00:40:54","date_gmt":"2014-04-16T22:40:54","guid":{"rendered":"http:\/\/fabijennas-seeleninsel.de\/wordpress\/?page_id=302"},"modified":"2014-04-17T00:43:42","modified_gmt":"2014-04-16T22:43:42","slug":"lomi-lomi-nui","status":"publish","type":"page","link":"https:\/\/fabijennas-seeleninsel.de\/wordpress\/lomi-lomi-nui\/","title":{"rendered":"Lomi Lomi-Nui"},"content":{"rendered":"<p><a href=\"http:\/\/fabijennas-seeleninsel.de\/wordpress\/wp-content\/uploads\/2014\/04\/lomi-nui1.png\"><img loading=\"lazy\" class=\"alignleft size-medium wp-image-303\" src=\"http:\/\/fabijennas-seeleninsel.de\/wordpress\/wp-content\/uploads\/2014\/04\/lomi-nui1-287x300.png\" alt=\"lomi-nui1\" width=\"287\" height=\"300\" \/><\/a>Aloha,<\/p>\n<p>Lomi Lomi-Nui Massagekunst und K\u00f6rperarbeit aus dem Tempel von Hawai.<br \/>\nDiese Energie-Massage war urspr\u00fcnglich eine Heil-Zeremonie der Kahunas, der hawaiianischen Schamanen.<\/p>\n<p><span class=\"textexposedshow\">Die Tempel- Massage ist eine Reise zu sich selbst und ein m\u00f6glicher Weg.<\/span><br \/>\n<span class=\"textexposedshow\">Sie wurde eingesetzt um Verspannungen zu l\u00f6sen, die sich z.B. durch Stress, \u00c4ngste, Agressionen und anderen Emotionen im K\u00f6rper festgesetzt haben.<\/span><\/p>\n<p><span class=\"textexposedshow\">,,Lomi&#8220; bedeutet dr\u00fccken, reiben, kneten-aber auch, mit den Samtpfoten einer Katze ber\u00fchren&#8216;!<\/span><br \/>\n<span class=\"textexposedshow\">Es ist warhaftig eine Massage, die ein einzigartiges Wohlbefinden vermittelt.<\/span><br \/>\n<span class=\"textexposedshow\">Bei dieser Ganzk\u00f6rpermassage werden, nachdem der K\u00f6rper gro\u00dfz\u00fcgig mit warmen \u00d6l eingerieben worden ist, alle Verspannungen mit H\u00e4nden und Unterarmen in flie\u00dfenden, rhytmischen Bewegungen gel\u00f6st.<\/span><\/p>\n<p><span class=\"textexposedshow\">Eine Gesichts- und Kopfmassage rundet die Ganzheitlichkeit der Massage ab. Einzigartig wohltuhend und gesundheitsf\u00f6rdernd!<\/span><\/p>\n<p><a href=\"http:\/\/fabijennas-seeleninsel.de\/wordpress\/wp-content\/uploads\/2014\/04\/lomi-nui2.png\"><img loading=\"lazy\" class=\"alignright  wp-image-304\" src=\"http:\/\/fabijennas-seeleninsel.de\/wordpress\/wp-content\/uploads\/2014\/04\/lomi-nui2-300x124.png\" alt=\"lomi-nui2\" width=\"511\" height=\"211\" \/><\/a><span class=\"textexposedshow\">Die Lomi Lomi-Nui Massage wird auf einer breiten beheizten Massageliege ausgef\u00fchrt. Vor dieser einzigartigen Massage wird jeder Klient zun\u00e4chst mit Salzwasser gereinigt (Salz aus Hawaii) , danach singe ich ein hawaiianisches Gebet (Pulle) und ein Ho&#8217;opono pono (hawaiianisches Vergebungsritual) das 3x wiederholt wird. In diesem Lied bitte ich das Universum um Segen, Heilung und Vergebung f\u00fcr meinen Klienten.<\/span><\/p>\n<p><span class=\"textexposedshow\">W\u00e4hrend der Massage begleiten mich Kl\u00e4nge aus Hawaii. Dieses bewirkt eine vollkommene Entspanung und Loslassen auf allen Ebenen des Seins.<\/span><\/p>\n<p><span class=\"textexposedshow\">Zum Abschlu\u00df werden, um der Energie die Richtung zu zeigen, lange Z\u00fcge entlang des ganzen K\u00f6rpers durchgef\u00fchrt, bestimmte Energie\/<wbr \/>Harmonisierungspunkte ber\u00fchrt und der Energiek\u00f6rper sanft abgestrichen. Beendet wird mit einem Abschlu\u00dfgebet und zugedeckt hat der Empfangende Gelegenheit zu einer inneren Ruhephase. Nach der Massage werden das Gesicht, die F\u00fc\u00dfe und der R\u00fccken des Klienten mit heissen Kompressen gewaschen.\u00a0<\/span><br \/>\n<span class=\"textexposedshow\">Diese Empfindung wohliger W\u00e4rme, die den ganzen K\u00f6rper durchstr\u00f6mt, bleibt noch lange nach der Massage erhalten. Ebenso wie das Gef\u00fchl, sehr entspannt zu sein<\/span><\/p>\n","protected":false},"excerpt":{"rendered":"<p>Aloha, Lomi Lomi-Nui Massagekunst und K\u00f6rperarbeit aus dem Tempel von Hawai. Diese Energie-Massage war urspr\u00fcnglich eine Heil-Zeremonie der Kahunas, der hawaiianischen Schamanen. Die Tempel- Massage ist eine Reise zu sich selbst und ein m\u00f6glicher Weg. Sie wurde eingesetzt um Verspannungen zu l\u00f6sen, die sich z.B. durch Stress, \u00c4ngste, Agressionen und anderen Emotionen im K\u00f6rper festgesetzt [&hellip;]<\/p>\n","protected":false},"author":3,"featured_media":304,"parent":0,"menu_order":0,"comment_status":"closed","ping_status":"open","template":"","meta":{"_et_pb_use_builder":"","_et_pb_old_content":"","_et_gb_content_width":""},"_links":{"self":[{"href":"https:\/\/fabijennas-seeleninsel.de\/wordpress\/wp-json\/wp\/v2\/pages\/302"}],"collection":[{"href":"https:\/\/fabijennas-seeleninsel.de\/wordpress\/wp-json\/wp\/v2\/pages"}],"about":[{"href":"https:\/\/fabijennas-seeleninsel.de\/wordpress\/wp-json\/wp\/v2\/types\/page"}],"author":[{"embeddable":true,"href":"https:\/\/fabijennas-seeleninsel.de\/wordpress\/wp-json\/wp\/v2\/users\/3"}],"replies":[{"embeddable":true,"href":"https:\/\/fabijennas-seeleninsel.de\/wordpress\/wp-json\/wp\/v2\/comments?post=302"}],"version-history":[{"count":2,"href":"https:\/\/fabijennas-seeleninsel.de\/wordpress\/wp-json\/wp\/v2\/pages\/302\/revisions"}],"predecessor-version":[{"id":307,"href":"https:\/\/fabijennas-seeleninsel.de\/wordpress\/wp-json\/wp\/v2\/pages\/302\/revisions\/307"}],"wp:featuredmedia":[{"embeddable":true,"href":"https:\/\/fabijennas-seeleninsel.de\/wordpress\/wp-json\/wp\/v2\/media\/304"}],"wp:attachment":[{"href":"https:\/\/fabijennas-seeleninsel.de\/wordpress\/wp-json\/wp\/v2\/media?parent=302"}],"curies":[{"name":"wp","href":"https:\/\/api.w.org\/{rel}","templated":true}]}}