{"id":319,"date":"2014-04-17T22:27:25","date_gmt":"2014-04-17T20:27:25","guid":{"rendered":"http:\/\/fabijennas-seeleninsel.de\/wordpress\/?page_id=319"},"modified":"2015-06-19T12:43:48","modified_gmt":"2015-06-19T10:43:48","slug":"schamanische-extraktion","status":"publish","type":"page","link":"https:\/\/fabijennas-seeleninsel.de\/wordpress\/schamanische-extraktion\/","title":{"rendered":"Schamanische Extraktion"},"content":{"rendered":"<p><a href=\"http:\/\/fabijennas-seeleninsel.de\/wordpress\/wp-content\/uploads\/2014\/04\/extraktion.jpg\"><img loading=\"lazy\" class=\"alignright size-medium wp-image-320\" src=\"http:\/\/fabijennas-seeleninsel.de\/wordpress\/wp-content\/uploads\/2014\/04\/extraktion-225x300.jpg\" alt=\"extraktion\" width=\"225\" height=\"300\" \/><\/a>Schamanisch gesehen werden Krankheiten und Leiden durch Disharmonien der Kr\u00e4fte hervorgerufen.<\/p>\n<p>Extraktion bedeutet &#8222;herausnehmung von etwas&#8220;. Ein Schamane etfernt dunkle, krankmachende Energie aus dem K\u00f6rper und aus der Aura des Klienten.<\/p>\n<p>Aufgabe des Schamanen ist es, diesen Fremdk\u00f6rper vollst\u00e4ndig zu entfernen und danach die entstandene L\u00fccke wieder aufzuf\u00fcllen.<\/p>\n<p><a href=\"http:\/\/fabijennas-seeleninsel.de\/wordpress\/wp-content\/uploads\/2014\/04\/extraktion2.jpg\"><img loading=\"lazy\" class=\"alignleft size-medium wp-image-321\" src=\"http:\/\/fabijennas-seeleninsel.de\/wordpress\/wp-content\/uploads\/2014\/04\/extraktion2-300x225.jpg\" alt=\"extraktion2\" width=\"300\" height=\"225\" \/><\/a>Ich arbeite mit meinen Geisthelfern,Extraktionsgeist, so wie mit Krafttieren. Dabei ben\u00fctze ich Trommeln, Rasseln, R\u00e4ucherwerk. Ich m\u00f6chte betonen, dass ich auf gar keine Weise, weder etwas vernichte noch bek\u00e4mpfe.<\/p>\n<p>&nbsp;<\/p>\n","protected":false},"excerpt":{"rendered":"<p>Schamanisch gesehen werden Krankheiten und Leiden durch Disharmonien der Kr\u00e4fte hervorgerufen. Extraktion bedeutet &#8222;herausnehmung von etwas&#8220;. Ein Schamane etfernt dunkle, krankmachende Energie aus dem K\u00f6rper und aus der Aura des Klienten. Aufgabe des Schamanen ist es, diesen Fremdk\u00f6rper vollst\u00e4ndig zu entfernen und danach die entstandene L\u00fccke wieder aufzuf\u00fcllen. Ich arbeite mit meinen Geisthelfern,Extraktionsgeist, so wie [&hellip;]<\/p>\n","protected":false},"author":3,"featured_media":320,"parent":0,"menu_order":0,"comment_status":"closed","ping_status":"open","template":"","meta":{"_et_pb_use_builder":"","_et_pb_old_content":"","_et_gb_content_width":""},"_links":{"self":[{"href":"https:\/\/fabijennas-seeleninsel.de\/wordpress\/wp-json\/wp\/v2\/pages\/319"}],"collection":[{"href":"https:\/\/fabijennas-seeleninsel.de\/wordpress\/wp-json\/wp\/v2\/pages"}],"about":[{"href":"https:\/\/fabijennas-seeleninsel.de\/wordpress\/wp-json\/wp\/v2\/types\/page"}],"author":[{"embeddable":true,"href":"https:\/\/fabijennas-seeleninsel.de\/wordpress\/wp-json\/wp\/v2\/users\/3"}],"replies":[{"embeddable":true,"href":"https:\/\/fabijennas-seeleninsel.de\/wordpress\/wp-json\/wp\/v2\/comments?post=319"}],"version-history":[{"count":2,"href":"https:\/\/fabijennas-seeleninsel.de\/wordpress\/wp-json\/wp\/v2\/pages\/319\/revisions"}],"predecessor-version":[{"id":1491,"href":"https:\/\/fabijennas-seeleninsel.de\/wordpress\/wp-json\/wp\/v2\/pages\/319\/revisions\/1491"}],"wp:featuredmedia":[{"embeddable":true,"href":"https:\/\/fabijennas-seeleninsel.de\/wordpress\/wp-json\/wp\/v2\/media\/320"}],"wp:attachment":[{"href":"https:\/\/fabijennas-seeleninsel.de\/wordpress\/wp-json\/wp\/v2\/media?parent=319"}],"curies":[{"name":"wp","href":"https:\/\/api.w.org\/{rel}","templated":true}]}}