{"id":383,"date":"2014-04-19T23:21:11","date_gmt":"2014-04-19T21:21:11","guid":{"rendered":"http:\/\/fabijennas-seeleninsel.de\/wordpress\/?page_id=383"},"modified":"2015-06-16T23:15:20","modified_gmt":"2015-06-16T21:15:20","slug":"lomi-lomi-nui-in-der-schwangerschaft","status":"publish","type":"page","link":"https:\/\/fabijennas-seeleninsel.de\/wordpress\/lomi-lomi-nui-in-der-schwangerschaft\/","title":{"rendered":"Lomi Lomi-Nui in der Schwangerschaft"},"content":{"rendered":"<p><a href=\"http:\/\/fabijennas-seeleninsel.de\/wordpress\/wp-content\/uploads\/2014\/04\/IMG_7155.jpeg\"><img loading=\"lazy\" class=\"alignright size-medium wp-image-384\" src=\"http:\/\/fabijennas-seeleninsel.de\/wordpress\/wp-content\/uploads\/2014\/04\/IMG_7155-300x225.jpeg\" alt=\"IMG_7155\" width=\"300\" height=\"225\" data-wp-pid=\"384\" \/><\/a>In der Schwangerschaft leiden viele Frauen unter R\u00fcckenschmerzen und Verspannungen. Beine oder F\u00fc\u00dfe tun weh, der K\u00f6rper ver\u00e4ndert sich und verschiedenste Beschwerden k\u00f6nnen auftreten. Eine Massage tr\u00e4gt dazu bei, Verspannungen zu l\u00f6sen, das Wohlbefinden zu st\u00e4rken und Beschwerden zu lindern.<br \/>\nIn der Schwangerschaft sind Ber\u00fchrungen und das angenehme Empfinden\u00a0von W\u00e4rme besonders wichtig. Die Entspannungs-Massage f\u00fcr Schwangere ist eine sehr sanfte mit sehr viel Achtung und Behutsamkeit verbundene Art der Lomi Lomi Massage. In R\u00fccklagen und bequemer Seitenlage k\u00f6nnen mit der Lomi-Massage Blockaden gel\u00f6st und das Gef\u00fchl von Ruhe, Entspannung und Ganzheit vermittelt werden. Wenn es der Mutter gut geht, und die Mutter sich wohl f\u00fchlt, ist das die beste Voraussetzung f\u00fcr das entwickeln des K\u00f6rpers und der Seele des heranwachsenden Kindes.<\/p>\n","protected":false},"excerpt":{"rendered":"<p>In der Schwangerschaft leiden viele Frauen unter R\u00fcckenschmerzen und Verspannungen. Beine oder F\u00fc\u00dfe tun weh, der K\u00f6rper ver\u00e4ndert sich und verschiedenste Beschwerden k\u00f6nnen auftreten. Eine Massage tr\u00e4gt dazu bei, Verspannungen zu l\u00f6sen, das Wohlbefinden zu st\u00e4rken und Beschwerden zu lindern. In der Schwangerschaft sind Ber\u00fchrungen und das angenehme Empfinden\u00a0von W\u00e4rme besonders wichtig. Die Entspannungs-Massage f\u00fcr [&hellip;]<\/p>\n","protected":false},"author":3,"featured_media":384,"parent":0,"menu_order":0,"comment_status":"closed","ping_status":"open","template":"","meta":{"_et_pb_use_builder":"","_et_pb_old_content":"","_et_gb_content_width":""},"_links":{"self":[{"href":"https:\/\/fabijennas-seeleninsel.de\/wordpress\/wp-json\/wp\/v2\/pages\/383"}],"collection":[{"href":"https:\/\/fabijennas-seeleninsel.de\/wordpress\/wp-json\/wp\/v2\/pages"}],"about":[{"href":"https:\/\/fabijennas-seeleninsel.de\/wordpress\/wp-json\/wp\/v2\/types\/page"}],"author":[{"embeddable":true,"href":"https:\/\/fabijennas-seeleninsel.de\/wordpress\/wp-json\/wp\/v2\/users\/3"}],"replies":[{"embeddable":true,"href":"https:\/\/fabijennas-seeleninsel.de\/wordpress\/wp-json\/wp\/v2\/comments?post=383"}],"version-history":[{"count":2,"href":"https:\/\/fabijennas-seeleninsel.de\/wordpress\/wp-json\/wp\/v2\/pages\/383\/revisions"}],"predecessor-version":[{"id":1473,"href":"https:\/\/fabijennas-seeleninsel.de\/wordpress\/wp-json\/wp\/v2\/pages\/383\/revisions\/1473"}],"wp:featuredmedia":[{"embeddable":true,"href":"https:\/\/fabijennas-seeleninsel.de\/wordpress\/wp-json\/wp\/v2\/media\/384"}],"wp:attachment":[{"href":"https:\/\/fabijennas-seeleninsel.de\/wordpress\/wp-json\/wp\/v2\/media?parent=383"}],"curies":[{"name":"wp","href":"https:\/\/api.w.org\/{rel}","templated":true}]}}