{"id":518,"date":"2014-05-16T05:29:21","date_gmt":"2014-05-16T03:29:21","guid":{"rendered":"http:\/\/fabijennas-seeleninsel.de\/wordpress\/?page_id=518"},"modified":"2015-06-16T23:23:58","modified_gmt":"2015-06-16T21:23:58","slug":"zen-shiatsu-masunaga","status":"publish","type":"page","link":"https:\/\/fabijennas-seeleninsel.de\/wordpress\/zen-shiatsu-masunaga\/","title":{"rendered":"Zen Shiatsu Masunaga"},"content":{"rendered":"<p><a href=\"http:\/\/fabijennas-seeleninsel.de\/wordpress\/wp-content\/uploads\/2014\/05\/zen1.png\"><img loading=\"lazy\" class=\"alignright size-medium wp-image-519\" src=\"http:\/\/fabijennas-seeleninsel.de\/wordpress\/wp-content\/uploads\/2014\/05\/zen1-300x225.png\" alt=\"zen1\" width=\"300\" height=\"225\" data-wp-pid=\"519\" \/><\/a>Shiatsu ist eine japanische Behandlungsmethode. Bei einer Shiatsu- Behandlung wird der gesamte K\u00f6rper von Kopf bis Fu\u00df behandelt.Es wird nach einer japanischen Tradition, auf dem Boden, auf einer bequemen Shiatsu Futonmatte praktiziert. Die\/der Klient tr\u00e4gt sehr bequeme Kleidung die nicht einengt und dr\u00fcckt. \u00dcber den kalten Jahreszeiten ist meine Shiatsumatte beheizt. Dieses steigert noch mehr das Wohlgef\u00fchl und die Entspannung.<br \/>\nIch arbeite mit dem nat\u00fcrlichen Werkzeug meines K\u00f6rpers: H\u00e4nde,Daumen,Ellenbogen und Knie.Dies erfolgt mit sanften Druck entlang der Meridiane.<br \/>\nShiatsu wird auch als die ,,Kunst der achtsamen Ber\u00fchrung &#8220; bezeichnet.<br \/>\nBei Shiatsu findet eine Art Ber\u00fchrungskomunikation statt. Es ist eine Komunikation ohne Worte. Sie ist gepr\u00e4gt durch eine besondere innere Haltung des Respektes und der Aufmerksamkeit gegen\u00fcber des Klienten.Shiatsu geschieht in einer meditativen Atmosph\u00e4re, die es erm\u00f6glicht sich und anderen offen zu begegnen.<\/p>\n<p><a href=\"http:\/\/fabijennas-seeleninsel.de\/wordpress\/wp-content\/uploads\/2014\/05\/zen2.png\"><img loading=\"lazy\" class=\"alignright size-medium wp-image-520\" src=\"http:\/\/fabijennas-seeleninsel.de\/wordpress\/wp-content\/uploads\/2014\/05\/zen2-300x225.png\" alt=\"zen2\" width=\"300\" height=\"225\" data-wp-pid=\"520\" \/><\/a>Shiatsu Massage<br \/>\nShiatsu Massagen werden klassischerweise auf dem Boden ausgef\u00fchrt. Es gibt aber auch die M\u00f6glichkeit auf einem Shiatsu Stuhl den Oberk\u00f6rper zu behandeln. Shiatsu ist eine ganzheitliche Behandlungsmetode, die bei k\u00f6rperlichen Verspannungen, emotionalen Verstimmungen und Stresssituationen im Leben beruhigend und unterst\u00fctzend wirkt. Shiatsu f\u00f6rdert das Bewusstsein f\u00fcr den eigenen K\u00f6rper und dessen Botschaften. Dauer einer Behandlung betr\u00e4gt ca. 60 Minuten.<\/p>\n<p>&nbsp;<\/p>\n<p>&nbsp;<\/p>\n<p><a href=\"http:\/\/fabijennas-seeleninsel.de\/wordpress\/wp-content\/uploads\/2014\/05\/zen3.png\"><img loading=\"lazy\" class=\"alignleft size-medium wp-image-521\" src=\"http:\/\/fabijennas-seeleninsel.de\/wordpress\/wp-content\/uploads\/2014\/05\/zen3-300x225.png\" alt=\"zen3\" width=\"300\" height=\"225\" data-wp-pid=\"521\" \/><\/a><\/p>\n","protected":false},"excerpt":{"rendered":"<p>Shiatsu ist eine japanische Behandlungsmethode. Bei einer Shiatsu- Behandlung wird der gesamte K\u00f6rper von Kopf bis Fu\u00df behandelt.Es wird nach einer japanischen Tradition, auf dem Boden, auf einer bequemen Shiatsu Futonmatte praktiziert. Die\/der Klient tr\u00e4gt sehr bequeme Kleidung die nicht einengt und dr\u00fcckt. \u00dcber den kalten Jahreszeiten ist meine Shiatsumatte beheizt. Dieses steigert noch mehr [&hellip;]<\/p>\n","protected":false},"author":3,"featured_media":521,"parent":0,"menu_order":0,"comment_status":"closed","ping_status":"open","template":"","meta":{"_et_pb_use_builder":"","_et_pb_old_content":"","_et_gb_content_width":""},"_links":{"self":[{"href":"https:\/\/fabijennas-seeleninsel.de\/wordpress\/wp-json\/wp\/v2\/pages\/518"}],"collection":[{"href":"https:\/\/fabijennas-seeleninsel.de\/wordpress\/wp-json\/wp\/v2\/pages"}],"about":[{"href":"https:\/\/fabijennas-seeleninsel.de\/wordpress\/wp-json\/wp\/v2\/types\/page"}],"author":[{"embeddable":true,"href":"https:\/\/fabijennas-seeleninsel.de\/wordpress\/wp-json\/wp\/v2\/users\/3"}],"replies":[{"embeddable":true,"href":"https:\/\/fabijennas-seeleninsel.de\/wordpress\/wp-json\/wp\/v2\/comments?post=518"}],"version-history":[{"count":2,"href":"https:\/\/fabijennas-seeleninsel.de\/wordpress\/wp-json\/wp\/v2\/pages\/518\/revisions"}],"predecessor-version":[{"id":1475,"href":"https:\/\/fabijennas-seeleninsel.de\/wordpress\/wp-json\/wp\/v2\/pages\/518\/revisions\/1475"}],"wp:featuredmedia":[{"embeddable":true,"href":"https:\/\/fabijennas-seeleninsel.de\/wordpress\/wp-json\/wp\/v2\/media\/521"}],"wp:attachment":[{"href":"https:\/\/fabijennas-seeleninsel.de\/wordpress\/wp-json\/wp\/v2\/media?parent=518"}],"curies":[{"name":"wp","href":"https:\/\/api.w.org\/{rel}","templated":true}]}}