{"id":99,"date":"2014-02-22T11:58:03","date_gmt":"2014-02-22T09:58:03","guid":{"rendered":"http:\/\/fabijennas-seeleninsel.de\/wordpress2\/?page_id=99"},"modified":"2014-04-17T22:11:30","modified_gmt":"2014-04-17T20:11:30","slug":"makko-ho-dehnuebungen","status":"publish","type":"page","link":"https:\/\/fabijennas-seeleninsel.de\/wordpress\/makko-ho-dehnuebungen\/","title":{"rendered":"Shiatsu Makko-Ho Dehn\u00fcbungen"},"content":{"rendered":"<p>Do-In ist ein System, welches als gesundheitsunterst\u00fctzende bzw. gesundheitsf\u00f6rdernde Ma\u00dfnahme angesehen werden soll. Es dient dem Zweck die Meridiane (Energieleitbahnen) in unserem K\u00f6rper zu aktivieren und evtl. Blockaden zu l\u00f6sen. Ein ungehinderter Fluss des &#8222;Qi&#8220; bedeutet seelisches, geistiges und k\u00f6rperliches Wohlbefinden. Bei allen gesundheitlichen St\u00f6rungen ist das harmonische Fliessen des &#8222;Qi&#8220; gest\u00f6rt, was bereits vor Ausbruch einer Krankheit\u00a0festgesstellt werden kann. Dies zeigt sich z.B. in, Verdauungsbeschwerden, chronischer M\u00fcdigkeit, Abwehrschw\u00e4che, Gem\u00fctsschwankungen, R\u00fcckenschmerzen usw. Diese \u00dcbungsform wird in China als Do-In bezeichnet. Do: Bedeutet \u00f6ffnen der Kan\u00e4le zum optimieren des Energieflusses innerhalb der Meridiane. In: Beschreibt das dazu erforderliche Bewegen, Dehnen und Strecken.<\/p>\n<p><a href=\"http:\/\/fabijennas-seeleninsel.de\/wordpress\/wp-content\/uploads\/2014\/02\/182081_1137222319750447_1474626603_n.jpg\"><img loading=\"lazy\" class=\"alignleft  wp-image-309\" src=\"http:\/\/fabijennas-seeleninsel.de\/wordpress\/wp-content\/uploads\/2014\/02\/182081_1137222319750447_1474626603_n-225x300.jpg\" alt=\"182081_1137222319750447_1474626603_n\" width=\"168\" height=\"225\" \/><\/a><a href=\"http:\/\/fabijennas-seeleninsel.de\/wordpress\/wp-content\/uploads\/2014\/02\/417112_1137222496417096_1820370576_n.jpg\"><img loading=\"lazy\" class=\"alignnone size-medium wp-image-310\" src=\"http:\/\/fabijennas-seeleninsel.de\/wordpress\/wp-content\/uploads\/2014\/02\/417112_1137222496417096_1820370576_n-300x225.jpg\" alt=\"417112_1137222496417096_1820370576_n\" width=\"300\" height=\"225\" \/><\/a><a href=\"http:\/\/fabijennas-seeleninsel.de\/wordpress\/wp-content\/uploads\/2014\/02\/387737_1137222519750427_490862039_n.jpg\"><img loading=\"lazy\" class=\"alignnone size-medium wp-image-311\" src=\"http:\/\/fabijennas-seeleninsel.de\/wordpress\/wp-content\/uploads\/2014\/02\/387737_1137222519750427_490862039_n-300x225.jpg\" alt=\"387737_1137222519750427_490862039_n\" width=\"300\" height=\"225\" \/><\/a><a href=\"http:\/\/fabijennas-seeleninsel.de\/wordpress\/wp-content\/uploads\/2014\/02\/530887_1137222829750396_1103790050_n.jpg\"><img loading=\"lazy\" class=\"alignnone size-medium wp-image-314\" src=\"http:\/\/fabijennas-seeleninsel.de\/wordpress\/wp-content\/uploads\/2014\/02\/530887_1137222829750396_1103790050_n-300x225.jpg\" alt=\"530887_1137222829750396_1103790050_n\" width=\"300\" height=\"225\" \/><\/a><a href=\"http:\/\/fabijennas-seeleninsel.de\/wordpress\/wp-content\/uploads\/2014\/02\/546919_1137223213083691_1891185395_n.jpg\"><img loading=\"lazy\" class=\"alignnone  wp-image-313\" src=\"http:\/\/fabijennas-seeleninsel.de\/wordpress\/wp-content\/uploads\/2014\/02\/546919_1137223213083691_1891185395_n-225x300.jpg\" alt=\"546919_1137223213083691_1891185395_n\" width=\"167\" height=\"225\" \/><\/a><a href=\"http:\/\/fabijennas-seeleninsel.de\/wordpress\/wp-content\/uploads\/2014\/02\/150544_1137223389750340_1999315331_n.jpg\"><img loading=\"lazy\" class=\"alignnone size-medium wp-image-312\" src=\"http:\/\/fabijennas-seeleninsel.de\/wordpress\/wp-content\/uploads\/2014\/02\/150544_1137223389750340_1999315331_n-300x225.jpg\" alt=\"150544_1137223389750340_1999315331_n\" width=\"300\" height=\"225\" \/><\/a><a href=\"http:\/\/fabijennas-seeleninsel.de\/wordpress\/wp-content\/uploads\/2014\/02\/3915_1137223909750288_130642442_n.jpg\"><img loading=\"lazy\" class=\"alignnone size-medium wp-image-315\" src=\"http:\/\/fabijennas-seeleninsel.de\/wordpress\/wp-content\/uploads\/2014\/02\/3915_1137223909750288_130642442_n-300x225.jpg\" alt=\"3915_1137223909750288_130642442_n\" width=\"300\" height=\"225\" \/><\/a><\/p>\n","protected":false},"excerpt":{"rendered":"<p>Do-In ist ein System, welches als gesundheitsunterst\u00fctzende bzw. gesundheitsf\u00f6rdernde Ma\u00dfnahme angesehen werden soll. Es dient dem Zweck die Meridiane (Energieleitbahnen) in unserem K\u00f6rper zu aktivieren und evtl. Blockaden zu l\u00f6sen. Ein ungehinderter Fluss des &#8222;Qi&#8220; bedeutet seelisches, geistiges und k\u00f6rperliches Wohlbefinden. Bei allen gesundheitlichen St\u00f6rungen ist das harmonische Fliessen des &#8222;Qi&#8220; gest\u00f6rt, was bereits vor [&hellip;]<\/p>\n","protected":false},"author":3,"featured_media":310,"parent":0,"menu_order":0,"comment_status":"closed","ping_status":"open","template":"","meta":{"_et_pb_use_builder":"","_et_pb_old_content":"","_et_gb_content_width":""},"_links":{"self":[{"href":"https:\/\/fabijennas-seeleninsel.de\/wordpress\/wp-json\/wp\/v2\/pages\/99"}],"collection":[{"href":"https:\/\/fabijennas-seeleninsel.de\/wordpress\/wp-json\/wp\/v2\/pages"}],"about":[{"href":"https:\/\/fabijennas-seeleninsel.de\/wordpress\/wp-json\/wp\/v2\/types\/page"}],"author":[{"embeddable":true,"href":"https:\/\/fabijennas-seeleninsel.de\/wordpress\/wp-json\/wp\/v2\/users\/3"}],"replies":[{"embeddable":true,"href":"https:\/\/fabijennas-seeleninsel.de\/wordpress\/wp-json\/wp\/v2\/comments?post=99"}],"version-history":[{"count":3,"href":"https:\/\/fabijennas-seeleninsel.de\/wordpress\/wp-json\/wp\/v2\/pages\/99\/revisions"}],"predecessor-version":[{"id":318,"href":"https:\/\/fabijennas-seeleninsel.de\/wordpress\/wp-json\/wp\/v2\/pages\/99\/revisions\/318"}],"wp:featuredmedia":[{"embeddable":true,"href":"https:\/\/fabijennas-seeleninsel.de\/wordpress\/wp-json\/wp\/v2\/media\/310"}],"wp:attachment":[{"href":"https:\/\/fabijennas-seeleninsel.de\/wordpress\/wp-json\/wp\/v2\/media?parent=99"}],"curies":[{"name":"wp","href":"https:\/\/api.w.org\/{rel}","templated":true}]}}